{"id":17639,"date":"2024-07-30T14:32:22","date_gmt":"2024-07-30T12:32:22","guid":{"rendered":"https:\/\/calor.ee\/malkas-pirts-krasns-huum-hive-flow-ls\/"},"modified":"2026-04-10T16:46:11","modified_gmt":"2026-04-10T14:46:11","slug":"malkas-pirts-krasns-huum-hive-flow-ls","status":"publish","type":"product","link":"https:\/\/calor.ee\/lv\/malkas-pirts-krasns-huum-hive-flow-ls\/","title":{"rendered":"Malkas pirts kr\u0101sns HUUM HIVE Flow LS"},"content":{"rendered":"<p>Komplekt\u0101 ietilpst malkas pirts kr\u0101sns. Kr\u0101snij nepiecie\u0161ami 150 kg 5\u201310 cm diametra pirts akme\u0146u un piesl\u0113gums skurstenim. <\/p>\n<p>Pied\u0101v\u0101jum\u0101 iesp\u0113jams pievienot ar\u012b oliv\u012bna diab\u0101za apa\u013cos pirts akme\u0146us, kas ir iztur\u012bgi, ar augstu siltuma jaudu un est\u0113tiski pievilc\u012bgi \u2014 k\u0101 redzams att\u0113los. To noapa\u013cot\u0101 forma \u013cauj \u016bdenim vienm\u0113r\u012bgi pl\u016bst starp akme\u0146iem un pak\u0101peniski iztvaikot, radot maig\u0101ku un vienm\u0113r\u012bg\u0101ku tvaiku. <\/p>\n<p>Alternat\u012bva ir grozam pievienot \u0161\u0137elto oliv\u012bna diab\u0101za pirts akme\u0146u komplektu, kas ir iztur\u012bgi un lieliski uzkr\u0101j siltumu. \u016adens efekt\u012bvi iztvaiko no akme\u0146u \u0161\u0137eluma virsm\u0101m, nodro\u0161inot pat\u012bkamu un bag\u0101t\u012bgu tvaiku. Pateicoties to st\u016brainajai formai, akme\u0146us ir \u0113rti ievietot pirts kr\u0101sn\u012b.  <\/p>\n","protected":false},"excerpt":{"rendered":"<p>HUUM HIVE Flow LS ir unik\u0101la dizaina malkas pirts kr\u0101sns ar kurin\u0101\u0161anu no blakus telpas, kas ir ide\u0101li piem\u0113rota pirt\u012bm ar tilpumu no 8 l\u012bdz 18 m\u00b3.<\/p>\n<p>HUUM HIVE Flow LS malkas pirts kr\u0101sns ir viena no efekt\u012bv\u0101kaj\u0101m un videi draudz\u012bg\u0101kaj\u0101m pirts kr\u0101sn\u012bm tirg\u016b, un t\u0101 ir lieliska izv\u0113le ikvienam, kas nov\u0113rt\u0113 videi apzin\u0101tu dom\u0101\u0161anu un v\u0113las neaizmirstamu pirts pieredzi.<\/p>\n<p>T\u0101s inovat\u012bvais dizains nodro\u0161ina, ka 75% siltuma no kurin\u0101m\u0101s malkas paliek pirt\u012b, nevis izpl\u016bst skursten\u012b. Tas noz\u012bm\u0113, ka ar t\u0101du pa\u0161u malkas daudzumu var\u0113siet baud\u012bt pirts priekus ilg\u0101k nek\u0101 ar cit\u0101m malkas pirts kr\u0101sn\u012bm. \u0160\u012b pirts kr\u0101sns ietilpina l\u012bdz pat 150 kg pirts akme\u0146u, kas nodro\u0161ina ilgsto\u0161u un pat\u012bkamu garu pat 30 min\u016btes p\u0113c tam, kad liesma kurtuv\u0113 ir nodzisusi.<\/p>\n<p>HUUM HIVE Flow LS inovat\u012bvais dizains samazina ugunsb\u012bstam\u012bbu, \u013caujot uzst\u0101d\u012bt kr\u0101sni tuv\u0101k dego\u0161iem materi\u0101liem (150 mm att\u0101lum\u0101) nek\u0101 liel\u0101ko da\u013cu tradicion\u0101lo pirts kr\u0101\u0161\u0146u (200\u2013500 mm).<\/p>\n<p>Kr\u0101sns konstrukcijas aug\u0161\u0113j\u0101s da\u013cas biezums ir 5 mm, bet s\u0101nu da\u013c\u0101s \u2013 3 mm, kas nodro\u0161ina vienm\u0113r\u012bgu siltuma izkliedi un iztur\u012bgu konstrukciju. Liel\u0101s stikla durti\u0146as rada m\u0101j\u012bgu atmosf\u0113ru, \u013caujot baud\u012bt apburo\u0161as liesmas un klaus\u012bties malkas sprak\u0161\u0137\u0113\u0161an\u0101 kurtuv\u0113.<\/p>\n<p>HUUM HIVE Flow atbilst stingriem vides standartiem un p\u0101rsniedz visus zin\u0101mos efektivit\u0101tes un ekolo\u0123ijas r\u0101d\u012bt\u0101jus malkas pirts kr\u0101\u0161\u0146u kategorij\u0101. Izteiksm\u012bgs piem\u0113rs tam ir atbilst\u012bba V\u0101cijas malkas kr\u0101\u0161\u0146u BimSchV II standarta pras\u012bb\u0101m.<\/p>\n","protected":false},"featured_media":17640,"comment_status":"closed","ping_status":"closed","template":"","meta":{"_acf_changed":false},"product_brand":[5520],"product_cat":[5130],"product_tag":[5149],"class_list":{"0":"post-17639","1":"product","2":"type-product","3":"status-publish","4":"has-post-thumbnail","6":"product_brand-huum","7":"product_cat-malkas-pirts-krasnis","8":"product_tag-huum-pirts-krasnis","9":"product_shipping_class-bezmaksas","10":"tm-no-options","12":"first","13":"instock","14":"sale","15":"taxable","16":"shipping-taxable","17":"purchasable","18":"product-type-simple"},"acf":[],"_links":{"self":[{"href":"https:\/\/calor.ee\/lv\/wp-json\/wp\/v2\/product\/17639","targetHints":{"allow":["GET"]}}],"collection":[{"href":"https:\/\/calor.ee\/lv\/wp-json\/wp\/v2\/product"}],"about":[{"href":"https:\/\/calor.ee\/lv\/wp-json\/wp\/v2\/types\/product"}],"replies":[{"embeddable":true,"href":"https:\/\/calor.ee\/lv\/wp-json\/wp\/v2\/comments?post=17639"}],"wp:featuredmedia":[{"embeddable":true,"href":"https:\/\/calor.ee\/lv\/wp-json\/wp\/v2\/media\/17640"}],"wp:attachment":[{"href":"https:\/\/calor.ee\/lv\/wp-json\/wp\/v2\/media?parent=17639"}],"wp:term":[{"taxonomy":"product_brand","embeddable":true,"href":"https:\/\/calor.ee\/lv\/wp-json\/wp\/v2\/product_brand?post=17639"},{"taxonomy":"product_cat","embeddable":true,"href":"https:\/\/calor.ee\/lv\/wp-json\/wp\/v2\/product_cat?post=17639"},{"taxonomy":"product_tag","embeddable":true,"href":"https:\/\/calor.ee\/lv\/wp-json\/wp\/v2\/product_tag?post=17639"}],"curies":[{"name":"wp","href":"https:\/\/api.w.org\/{rel}","templated":true}]}}