{"id":17619,"date":"2022-05-23T15:28:36","date_gmt":"2022-05-23T13:28:36","guid":{"rendered":"https:\/\/calor.ee\/aizsargplaksne-huum-hive-malkas-pirts-krasnij-s\/"},"modified":"2026-04-13T08:59:24","modified_gmt":"2026-04-13T06:59:24","slug":"aizsargplaksne-huum-hive-malkas-pirts-krasnij-s","status":"publish","type":"product","link":"https:\/\/calor.ee\/lv\/aizsargplaksne-huum-hive-malkas-pirts-krasnij-s\/","title":{"rendered":"Aizsargpl\u0101ksne HUUM HIVE malkas pirts kr\u0101snij S"},"content":{"rendered":"","protected":false},"excerpt":{"rendered":"<p>Aizsargpl\u0101ksne S ir paredz\u0113ta izmanto\u0161anai pirts telp\u0101s, kur HUUM HIVE malkas pirts kr\u0101sns tiek uzst\u0101d\u012bta uz koka vai cita dego\u0161a materi\u0101la gr\u012bdas. T\u0101pat iesak\u0101m to izmantot ar\u012b gad\u012bjumos, kad gr\u012bd\u0101 (zem pirts kr\u0101sns) ir ier\u012bkota \u016bdens apsild\u0101m\u0101 gr\u012bda. Aizsargpl\u0101ksne aizsarg\u0101 gan dego\u0161as gr\u012bdas virsmas, gan ar\u012b siltumapg\u0101des cauru\u013cvadus.  <\/p>\n<p>Aizsargpl\u0101ksnei ir regul\u0113jamas k\u0101jas (palielina augstumu l\u012bdz 2 cm), un t\u0101s maksim\u0101l\u0101 nestsp\u0113ja ir 300 kg.<\/p>\n<p>Aizsargpl\u0101ksne S ir piem\u0113rota \u0161\u0101d\u0101m HIVE malkas pirts kr\u0101sn\u012bm:<\/p>\n<p>HUUM HIVE Wood 13kW<br \/>\nHUUM HIVE Heat 12kW<br \/>\nHUUM HIVE Flow Mini<\/p>\n<p>NB! Aizsargpl\u0101ksne S nav piem\u0113rota HUUM HIVE Heat 12 kW LS pirts kr\u0101snij ar pagarin\u0101tu kurtuvi! <\/p>\n","protected":false},"featured_media":17620,"comment_status":"closed","ping_status":"closed","template":"","meta":{"_acf_changed":false},"product_brand":[5520],"product_cat":[5135],"product_tag":[],"class_list":{"0":"post-17619","1":"product","2":"type-product","3":"status-publish","4":"has-post-thumbnail","6":"product_brand-huum","7":"product_cat-pirts-piederumi","8":"product_shipping_class-huum","9":"tm-no-options","11":"first","12":"instock","13":"sale","14":"taxable","15":"shipping-taxable","16":"purchasable","17":"product-type-simple"},"acf":[],"_links":{"self":[{"href":"https:\/\/calor.ee\/lv\/wp-json\/wp\/v2\/product\/17619","targetHints":{"allow":["GET"]}}],"collection":[{"href":"https:\/\/calor.ee\/lv\/wp-json\/wp\/v2\/product"}],"about":[{"href":"https:\/\/calor.ee\/lv\/wp-json\/wp\/v2\/types\/product"}],"replies":[{"embeddable":true,"href":"https:\/\/calor.ee\/lv\/wp-json\/wp\/v2\/comments?post=17619"}],"wp:featuredmedia":[{"embeddable":true,"href":"https:\/\/calor.ee\/lv\/wp-json\/wp\/v2\/media\/17620"}],"wp:attachment":[{"href":"https:\/\/calor.ee\/lv\/wp-json\/wp\/v2\/media?parent=17619"}],"wp:term":[{"taxonomy":"product_brand","embeddable":true,"href":"https:\/\/calor.ee\/lv\/wp-json\/wp\/v2\/product_brand?post=17619"},{"taxonomy":"product_cat","embeddable":true,"href":"https:\/\/calor.ee\/lv\/wp-json\/wp\/v2\/product_cat?post=17619"},{"taxonomy":"product_tag","embeddable":true,"href":"https:\/\/calor.ee\/lv\/wp-json\/wp\/v2\/product_tag?post=17619"}],"curies":[{"name":"wp","href":"https:\/\/api.w.org\/{rel}","templated":true}]}}