{"id":17616,"date":"2022-05-23T13:19:43","date_gmt":"2022-05-23T11:19:43","guid":{"rendered":"https:\/\/calor.ee\/aizsargmargas-huum-steel-pirts-krasnij\/"},"modified":"2026-04-10T12:54:02","modified_gmt":"2026-04-10T10:54:02","slug":"aizsargmargas-huum-steel-pirts-krasnij","status":"publish","type":"product","link":"https:\/\/calor.ee\/lv\/aizsargmargas-huum-steel-pirts-krasnij\/","title":{"rendered":"Aizsargmargas HUUM STEEL pirts kr\u0101snij"},"content":{"rendered":"","protected":false},"excerpt":{"rendered":"<p><strong>Aizsargmargas HUUM STEEL pirts kr\u0101snij <\/strong>paaugstina dro\u0161\u012bbas l\u012bmeni pirt\u012b un pie\u0161\u0137ir j\u016bsu kr\u0101snij papildu stilu. T\u0101s nov\u0113r\u0161 nejau\u0161u saskari ar karsto kr\u0101sni un vienlaikus izskat\u0101s lieliski.<\/p>\n<p>Aizsargmargas ir izgatavota no gai\u0161as koksnes un piem\u0113rota \u0161\u0101diem STEEL s\u0113rijas pirts kr\u0101\u0161\u0146u mode\u013ciem:<\/p>\n<p>HUUM STEEL 6<br \/>\nHUUM STEEL 9<br \/>\nHUUM STEEL 11<\/p>\n","protected":false},"featured_media":17617,"comment_status":"closed","ping_status":"closed","template":"","meta":{"_acf_changed":false},"product_brand":[5520],"product_cat":[5135],"product_tag":[],"class_list":{"0":"post-17616","1":"product","2":"type-product","3":"status-publish","4":"has-post-thumbnail","6":"product_brand-huum","7":"product_cat-pirts-piederumi","8":"product_shipping_class-huum","9":"tm-no-options","11":"first","12":"instock","13":"sale","14":"taxable","15":"shipping-taxable","16":"purchasable","17":"product-type-simple"},"acf":[],"_links":{"self":[{"href":"https:\/\/calor.ee\/lv\/wp-json\/wp\/v2\/product\/17616","targetHints":{"allow":["GET"]}}],"collection":[{"href":"https:\/\/calor.ee\/lv\/wp-json\/wp\/v2\/product"}],"about":[{"href":"https:\/\/calor.ee\/lv\/wp-json\/wp\/v2\/types\/product"}],"replies":[{"embeddable":true,"href":"https:\/\/calor.ee\/lv\/wp-json\/wp\/v2\/comments?post=17616"}],"wp:featuredmedia":[{"embeddable":true,"href":"https:\/\/calor.ee\/lv\/wp-json\/wp\/v2\/media\/17617"}],"wp:attachment":[{"href":"https:\/\/calor.ee\/lv\/wp-json\/wp\/v2\/media?parent=17616"}],"wp:term":[{"taxonomy":"product_brand","embeddable":true,"href":"https:\/\/calor.ee\/lv\/wp-json\/wp\/v2\/product_brand?post=17616"},{"taxonomy":"product_cat","embeddable":true,"href":"https:\/\/calor.ee\/lv\/wp-json\/wp\/v2\/product_cat?post=17616"},{"taxonomy":"product_tag","embeddable":true,"href":"https:\/\/calor.ee\/lv\/wp-json\/wp\/v2\/product_tag?post=17616"}],"curies":[{"name":"wp","href":"https:\/\/api.w.org\/{rel}","templated":true}]}}