{"id":17603,"date":"2022-04-29T15:55:52","date_gmt":"2022-04-29T13:55:52","guid":{"rendered":"https:\/\/calor.ee\/reflektors-huum-cliff-pirts-krasnij\/"},"modified":"2026-04-10T11:39:37","modified_gmt":"2026-04-10T09:39:37","slug":"reflektors-huum-cliff-pirts-krasnij","status":"publish","type":"product","link":"https:\/\/calor.ee\/lv\/reflektors-huum-cliff-pirts-krasnij\/","title":{"rendered":"Reflektors HUUM CLIFF pirts kr\u0101snij"},"content":{"rendered":"","protected":false},"excerpt":{"rendered":"<p>Reflektora uzst\u0101d\u012b\u0161ana uz HUUM CLIFF elektrisk\u0101s pirts kr\u0101sns \u013cauj samazin\u0101t dro\u0161\u012bbas att\u0101lumus no sien\u0101m l\u012bdz pat par 50 %. Reflektors ir izgatavots no ner\u016bs\u0113jo\u0161\u0101 t\u0113rauda un tiek uzst\u0101d\u012bts pie elektrisk\u0101s pirts kr\u0101sns vienas vai vair\u0101ku s\u0101nu virsm\u0101m. Vair\u0101kus reflektorus var savienot sav\u0101 starp\u0101. Komplekt\u0101 ietilpst viens reflektors.   <\/p>\n<p>Reflektors ir piem\u0113rots \u0161\u0101d\u0101m CLIFF pirts kr\u0101sn\u012bm:<\/p>\n<p>HUUM CLIFF 6<br \/>\nHUUM CLIFF 9<br \/>\nHUUM CLIFF 11<\/p>\n","protected":false},"featured_media":17604,"comment_status":"closed","ping_status":"closed","template":"","meta":{"_acf_changed":false},"product_brand":[5520],"product_cat":[5135],"product_tag":[],"class_list":{"0":"post-17603","1":"product","2":"type-product","3":"status-publish","4":"has-post-thumbnail","6":"product_brand-huum","7":"product_cat-pirts-piederumi","8":"product_shipping_class-huum","9":"tm-no-options","11":"first","12":"instock","13":"sale","14":"taxable","15":"shipping-taxable","16":"purchasable","17":"product-type-simple"},"acf":[],"_links":{"self":[{"href":"https:\/\/calor.ee\/lv\/wp-json\/wp\/v2\/product\/17603","targetHints":{"allow":["GET"]}}],"collection":[{"href":"https:\/\/calor.ee\/lv\/wp-json\/wp\/v2\/product"}],"about":[{"href":"https:\/\/calor.ee\/lv\/wp-json\/wp\/v2\/types\/product"}],"replies":[{"embeddable":true,"href":"https:\/\/calor.ee\/lv\/wp-json\/wp\/v2\/comments?post=17603"}],"wp:featuredmedia":[{"embeddable":true,"href":"https:\/\/calor.ee\/lv\/wp-json\/wp\/v2\/media\/17604"}],"wp:attachment":[{"href":"https:\/\/calor.ee\/lv\/wp-json\/wp\/v2\/media?parent=17603"}],"wp:term":[{"taxonomy":"product_brand","embeddable":true,"href":"https:\/\/calor.ee\/lv\/wp-json\/wp\/v2\/product_brand?post=17603"},{"taxonomy":"product_cat","embeddable":true,"href":"https:\/\/calor.ee\/lv\/wp-json\/wp\/v2\/product_cat?post=17603"},{"taxonomy":"product_tag","embeddable":true,"href":"https:\/\/calor.ee\/lv\/wp-json\/wp\/v2\/product_tag?post=17603"}],"curies":[{"name":"wp","href":"https:\/\/api.w.org\/{rel}","templated":true}]}}