{"id":17550,"date":"2022-04-29T15:26:23","date_gmt":"2022-04-29T13:26:23","guid":{"rendered":"https:\/\/calor.ee\/iebuves-ramis-huum-cliff-steel-pirts-krasnij\/"},"modified":"2026-04-10T11:54:23","modified_gmt":"2026-04-10T09:54:23","slug":"iebuves-ramis-huum-cliff-steel-pirts-krasnij","status":"publish","type":"product","link":"https:\/\/calor.ee\/lv\/iebuves-ramis-huum-cliff-steel-pirts-krasnij\/","title":{"rendered":"Ieb\u016bves r\u0101mis HUUM CLIFF\/STEEL pirts kr\u0101snij"},"content":{"rendered":"","protected":false},"excerpt":{"rendered":"<p>Ja v\u0113laties izcelties no kaimi\u0146iem un ieb\u016bv\u0113t savu HUUM CLIFF vai HUUM STEEL pirts kr\u0101sni da\u013c\u0113ji pirts l\u0101vi\u0146\u0101, ieb\u016bves r\u0101mis \u013cauj to izdar\u012bt. Tas ir izgatavots no ner\u016bs\u0113jo\u0161\u0101 t\u0113rauda un p\u0101rkl\u0101j nevienm\u0113r\u012bg\u0101s koka l\u0101vi\u0146as malas ap kr\u0101sni, radot t\u012bru un est\u0113tisku nosl\u0113guma izskatu.<\/p>\n<p>NB! Ieb\u016bv\u0113ta elektrisk\u0101 pirts kr\u0101sns virsmas l\u012bmenim j\u0101sasniedz vismaz 55 cm augstum\u0101 virs l\u0101vi\u0146as virsmas. <\/p>\n<p>Ieb\u016bves r\u0101mis ir piem\u0113rots \u0161\u0101d\u0101m pirts kr\u0101sn\u012bm:<\/p>\n<p>HUUM CLIFF 6<br \/>\nHUUM CLIFF 9<br \/>\nHUUM CLIFF 11<br \/>\nHUUM STEEL 6<br \/>\nHUUM STEEL 9<br \/>\nHUUM STEEL 11<\/p>\n","protected":false},"featured_media":23054,"comment_status":"closed","ping_status":"closed","template":"","meta":{"_acf_changed":false},"product_brand":[5520],"product_cat":[5135],"product_tag":[],"class_list":{"0":"post-17550","1":"product","2":"type-product","3":"status-publish","4":"has-post-thumbnail","6":"product_brand-huum","7":"product_cat-pirts-piederumi","8":"product_shipping_class-huum","9":"tm-no-options","11":"first","12":"instock","13":"sale","14":"taxable","15":"shipping-taxable","16":"purchasable","17":"product-type-simple"},"acf":[],"_links":{"self":[{"href":"https:\/\/calor.ee\/lv\/wp-json\/wp\/v2\/product\/17550","targetHints":{"allow":["GET"]}}],"collection":[{"href":"https:\/\/calor.ee\/lv\/wp-json\/wp\/v2\/product"}],"about":[{"href":"https:\/\/calor.ee\/lv\/wp-json\/wp\/v2\/types\/product"}],"replies":[{"embeddable":true,"href":"https:\/\/calor.ee\/lv\/wp-json\/wp\/v2\/comments?post=17550"}],"wp:featuredmedia":[{"embeddable":true,"href":"https:\/\/calor.ee\/lv\/wp-json\/wp\/v2\/media\/23054"}],"wp:attachment":[{"href":"https:\/\/calor.ee\/lv\/wp-json\/wp\/v2\/media?parent=17550"}],"wp:term":[{"taxonomy":"product_brand","embeddable":true,"href":"https:\/\/calor.ee\/lv\/wp-json\/wp\/v2\/product_brand?post=17550"},{"taxonomy":"product_cat","embeddable":true,"href":"https:\/\/calor.ee\/lv\/wp-json\/wp\/v2\/product_cat?post=17550"},{"taxonomy":"product_tag","embeddable":true,"href":"https:\/\/calor.ee\/lv\/wp-json\/wp\/v2\/product_tag?post=17550"}],"curies":[{"name":"wp","href":"https:\/\/api.w.org\/{rel}","templated":true}]}}