{"id":17543,"date":"2020-11-12T17:09:25","date_gmt":"2020-11-12T15:09:25","guid":{"rendered":"https:\/\/calor.ee\/gaisa-tunelis-huum-hive-pirts-krasnij\/"},"modified":"2020-11-12T17:09:25","modified_gmt":"2020-11-12T15:09:25","slug":"gaisa-tunelis-huum-hive-pirts-krasnij","status":"publish","type":"product","link":"https:\/\/calor.ee\/lv\/gaisa-tunelis-huum-hive-pirts-krasnij\/","title":{"rendered":"Gaisa tunelis HUUM HIVE pirts kr\u0101snij"},"content":{"rendered":"","protected":false},"excerpt":{"rendered":"<p>Gaisa tunelis, kas paredz\u0113ts HUUM HIVE elektriskaj\u0101m pirts kr\u0101sn\u012bm, pa\u0101trina pirts uzsild\u012b\u0161anas procesu l\u012bdz pat 25% un vienlaikus pagarina sildelementu kalpo\u0161anas laiku. Tas ir izgatavots no augstas kvalit\u0101tes ner\u016bs\u0113jo\u0161\u0101 t\u0113rauda un tiek uzst\u0101d\u012bts HUUM HIVE elektrisk\u0101s kr\u0101sns iek\u0161pus\u0113 \u2014 akme\u0146u centr\u0101. <\/p>\n<p>Izmantojot gaisa tuneli, nepiecie\u0161ams aptuveni par 30 kilogramiem maz\u0101k pirts akme\u0146u!<\/p>\n<p>NB! \u0160is produkts ir piem\u0113rots vis\u0101m HUUM HIVE un HUUM HIVE Mini elektriskaj\u0101m pirts kr\u0101sn\u012bm, kas pieg\u0101d\u0101tas l\u012bdz 15.04.2024. P\u0113c \u0161\u012b datuma pieg\u0101d\u0101taj\u0101m kr\u0101sn\u012bm gaisa tunelis jau ir iek\u013cauts komplekt\u0101.  <\/p>\n","protected":false},"featured_media":17545,"comment_status":"closed","ping_status":"closed","template":"","meta":{"_acf_changed":false},"product_brand":[5520],"product_cat":[5135],"product_tag":[],"class_list":{"0":"post-17543","1":"product","2":"type-product","3":"status-publish","4":"has-post-thumbnail","6":"product_brand-huum","7":"product_cat-pirts-piederumi","8":"product_shipping_class-huum","9":"tm-no-options","11":"first","12":"instock","13":"sale","14":"taxable","15":"shipping-taxable","16":"purchasable","17":"product-type-simple"},"acf":[],"_links":{"self":[{"href":"https:\/\/calor.ee\/lv\/wp-json\/wp\/v2\/product\/17543","targetHints":{"allow":["GET"]}}],"collection":[{"href":"https:\/\/calor.ee\/lv\/wp-json\/wp\/v2\/product"}],"about":[{"href":"https:\/\/calor.ee\/lv\/wp-json\/wp\/v2\/types\/product"}],"replies":[{"embeddable":true,"href":"https:\/\/calor.ee\/lv\/wp-json\/wp\/v2\/comments?post=17543"}],"wp:featuredmedia":[{"embeddable":true,"href":"https:\/\/calor.ee\/lv\/wp-json\/wp\/v2\/media\/17545"}],"wp:attachment":[{"href":"https:\/\/calor.ee\/lv\/wp-json\/wp\/v2\/media?parent=17543"}],"wp:term":[{"taxonomy":"product_brand","embeddable":true,"href":"https:\/\/calor.ee\/lv\/wp-json\/wp\/v2\/product_brand?post=17543"},{"taxonomy":"product_cat","embeddable":true,"href":"https:\/\/calor.ee\/lv\/wp-json\/wp\/v2\/product_cat?post=17543"},{"taxonomy":"product_tag","embeddable":true,"href":"https:\/\/calor.ee\/lv\/wp-json\/wp\/v2\/product_tag?post=17543"}],"curies":[{"name":"wp","href":"https:\/\/api.w.org\/{rel}","templated":true}]}}