{"id":17471,"date":"2022-05-20T11:12:32","date_gmt":"2022-05-20T09:12:32","guid":{"rendered":"https:\/\/calor.ee\/elektriska-pirts-krasns-huum-core-black-6kw\/"},"modified":"2026-04-10T16:20:58","modified_gmt":"2026-04-10T14:20:58","slug":"elektriska-pirts-krasns-huum-core-black-6kw","status":"publish","type":"product","link":"https:\/\/calor.ee\/lv\/elektriska-pirts-krasns-huum-core-black-6kw\/","title":{"rendered":"Elektrisk\u0101 pirts kr\u0101sns HUUM CORE Black 6 (6kW)"},"content":{"rendered":"<div id=\"content_description\" class=\"ty-wysiwyg-content content-description\">\n<p>Komplekt\u0101 ietilpst elektrisk\u0101 pirts kr\u0101sns un regul\u0113jamas k\u0101jas. Kr\u0101snij nepiecie\u0161ams vad\u012bbas pults, 40 kg pirts akme\u0146u (5\u201310 cm diametr\u0101) un karstumiztur\u012bgs baro\u0161anas kabelis. <\/p>\n<p>Pied\u0101v\u0101jum\u0101 iesp\u0113jams pievienot ar\u012b oliv\u012bna diab\u0101za apa\u013cos pirts akme\u0146us, kas ir iztur\u012bgi, ar augstu siltuma jaudu un est\u0113tiski pievilc\u012bgi \u2014 k\u0101 redzams att\u0113los. To noapa\u013cot\u0101 forma \u013cauj \u016bdenim vienm\u0113r\u012bgi pl\u016bst starp akme\u0146iem un pak\u0101peniski iztvaikot, radot maig\u0101ku un vienm\u0113r\u012bg\u0101ku tvaiku. <\/p>\n<p>Alternat\u012bva ir grozam pievienot \u0161\u0137elto oliv\u012bna diab\u0101za pirts akme\u0146u komplektu, kas ir iztur\u012bgi un lieliski uzkr\u0101j siltumu. \u016adens efekt\u012bvi iztvaiko no akme\u0146u \u0161\u0137eluma virsm\u0101m, nodro\u0161inot pat\u012bkamu un bag\u0101t\u012bgu tvaiku. Pateicoties to st\u016brainajai formai, akme\u0146us ir \u0113rti ievietot pirts kr\u0101sn\u012b.  <\/p>\n<\/div>\n","protected":false},"excerpt":{"rendered":"<p><strong>Elektrisk\u0101 pirts kr\u0101sns HUUM CORE Black 6<\/strong> ir speci\u0101li izstr\u0101d\u0101ta maz\u0101m pirt\u012bm. \u0160\u012b kr\u0101sns ir \u012bpa\u0161i kompakta, un to var uzst\u0101d\u012bt tikai 4 cm att\u0101lum\u0101 no sienas. Nelielie dro\u0161\u012bbas att\u0101lumi pan\u0101kti, pateicoties jaunajiem in\u017eeniertehniskajiem risin\u0101jumiem. Divk\u0101r\u0161\u0101s ventil\u0101cijas sienas nodro\u0161ina, ka kr\u0101sns \u0101r\u0113j\u0101s virsmas temperat\u016bra ir zema, bet pirts pieredze un tvaiks \u2014 izcili.   <\/p>\n<p>HUUM CORE Black 6 elektrisk\u0101 pirts kr\u0101sns ir meln\u0101 kr\u0101s\u0101 ar met\u0101la apvalku un ide\u0101li piem\u0113rota maz\u0101m (5-9 m\u00b3) m\u0101jas pirt\u012bm.<\/p>\n<p>\u0160\u012b elektrisk\u0101 pirts kr\u0101sns ietilpina 40 kilogramus pirts akme\u0146u, kas ir optim\u0101ls daudzums nelielas pirts tvaika telpas uzsild\u012b\u0161anai 45\u201360 min\u016b\u0161u laik\u0101. Akme\u0146u daudzums ir pietiekami liels, lai \u016bdens iztvaikotu no akme\u0146iem, nesasniedzot kr\u0101sns met\u0101la virsmas \u2014 t\u0101d\u0113j\u0101di tvaiks ir maig\u0101ks un ilgsto\u0161\u0101ks. <\/p>\n","protected":false},"featured_media":17472,"comment_status":"closed","ping_status":"closed","template":"","meta":{"_acf_changed":false},"product_brand":[5520],"product_cat":[5129],"product_tag":[5149],"class_list":{"0":"post-17471","1":"product","2":"type-product","3":"status-publish","4":"has-post-thumbnail","6":"product_brand-huum","7":"product_cat-elektriskas-pirts-krasnis","8":"product_tag-huum-pirts-krasnis","9":"product_shipping_class-bezmaksas","10":"tm-no-options","12":"first","13":"instock","14":"sale","15":"taxable","16":"shipping-taxable","17":"purchasable","18":"product-type-simple"},"acf":[],"_links":{"self":[{"href":"https:\/\/calor.ee\/lv\/wp-json\/wp\/v2\/product\/17471","targetHints":{"allow":["GET"]}}],"collection":[{"href":"https:\/\/calor.ee\/lv\/wp-json\/wp\/v2\/product"}],"about":[{"href":"https:\/\/calor.ee\/lv\/wp-json\/wp\/v2\/types\/product"}],"replies":[{"embeddable":true,"href":"https:\/\/calor.ee\/lv\/wp-json\/wp\/v2\/comments?post=17471"}],"wp:featuredmedia":[{"embeddable":true,"href":"https:\/\/calor.ee\/lv\/wp-json\/wp\/v2\/media\/17472"}],"wp:attachment":[{"href":"https:\/\/calor.ee\/lv\/wp-json\/wp\/v2\/media?parent=17471"}],"wp:term":[{"taxonomy":"product_brand","embeddable":true,"href":"https:\/\/calor.ee\/lv\/wp-json\/wp\/v2\/product_brand?post=17471"},{"taxonomy":"product_cat","embeddable":true,"href":"https:\/\/calor.ee\/lv\/wp-json\/wp\/v2\/product_cat?post=17471"},{"taxonomy":"product_tag","embeddable":true,"href":"https:\/\/calor.ee\/lv\/wp-json\/wp\/v2\/product_tag?post=17471"}],"curies":[{"name":"wp","href":"https:\/\/api.w.org\/{rel}","templated":true}]}}