{"id":17463,"date":"2020-11-12T22:09:56","date_gmt":"2020-11-12T20:09:56","guid":{"rendered":"https:\/\/calor.ee\/elektriska-pirts-krasns-huum-steel-mini-35kw\/"},"modified":"2026-04-10T16:08:23","modified_gmt":"2026-04-10T14:08:23","slug":"elektriska-pirts-krasns-huum-steel-mini-35kw","status":"publish","type":"product","link":"https:\/\/calor.ee\/lv\/elektriska-pirts-krasns-huum-steel-mini-35kw\/","title":{"rendered":"Elektrisk\u0101 pirts kr\u0101sns HUUM STEEL Mini 4 (3,5kW)"},"content":{"rendered":"<p>Komplekt\u0101 ietilpst elektrisk\u0101 pirts kr\u0101sns. Kr\u0101snij nepiecie\u0161ams vad\u012bbas pults, 60 kg pirts akme\u0146u (3\u20135 cm diametr\u0101) un karstumiztur\u012bgs baro\u0161anas kabelis. <\/p>\n<p>Pied\u0101v\u0101jum\u0101 iesp\u0113jams pievienot ar\u012b oliv\u012bna diab\u0101za apa\u013cos pirts akme\u0146us, kas ir iztur\u012bgi, ar augstu siltuma jaudu un est\u0113tiski pievilc\u012bgi \u2014 k\u0101 redzams att\u0113los. To noapa\u013cot\u0101 forma \u013cauj \u016bdenim vienm\u0113r\u012bgi pl\u016bst starp akme\u0146iem un pak\u0101peniski iztvaikot, radot maig\u0101ku un vienm\u0113r\u012bg\u0101ku tvaiku.  <\/p>\n","protected":false},"excerpt":{"rendered":"<p><strong>Elektrisk\u0101 pirts kr\u0101sns HUUM STEEL 4<\/strong> ietaupa vietu!<\/p>\n<p>HUUM STEEL 4 ir \u0161auras formas, kompakta pie sienas stiprin\u0101ma elektrisk\u0101 pirts kr\u0101sns, kas izgatavota no augstas kvalit\u0101tes ner\u016bs\u0113jo\u0161\u0101 t\u0113rauda. T\u0101 izstr\u0101d\u0101ta, dom\u0101jot par maz\u0101m (3-5 m\u00b3) m\u0101jas pirt\u012bm un vietas ekonomiju. <\/p>\n<p>T\u0101s dro\u0161\u012bbas att\u0101lums no sien\u0101m ir tikai 5 cm, un \u0161ie izcilie r\u0101d\u012bt\u0101ji pan\u0101kti, pateicoties r\u016bp\u012bgi p\u0101rdom\u0101tai konstrukcijai un gaisa tune\u013ca izmanto\u0161anai. HUUM STEEL 4 elektrisk\u0101s pirts kr\u0101sns centr\u0101 atrodas gaisa tunelis, kas, no vienas puses, nodro\u0161ina efekt\u012bvu gaisa pl\u016bsmu un pa\u0101trina pirts uzsild\u012b\u0161anu l\u012bdz pat 25%, bet no otras \u2013 pagarina sild\u012b\u0161anas elementu kalpo\u0161anas laiku. <\/p>\n<p>Elektrisk\u0101 pirts kr\u0101sns HUUM STEEL 4 ir neliela izm\u0113ra, ta\u010du taj\u0101 ietilpst l\u012bdz pat 60 kilogramiem akme\u0146u, kas nodro\u0161ina ilgsto\u0161u un pat\u012bkamu tvaiku.<\/p>\n","protected":false},"featured_media":17466,"comment_status":"closed","ping_status":"closed","template":"","meta":{"_acf_changed":false},"product_brand":[5520],"product_cat":[5129],"product_tag":[5149],"class_list":{"0":"post-17463","1":"product","2":"type-product","3":"status-publish","4":"has-post-thumbnail","6":"product_brand-huum","7":"product_cat-elektriskas-pirts-krasnis","8":"product_tag-huum-pirts-krasnis","9":"product_shipping_class-bezmaksas","10":"tm-no-options","12":"first","13":"instock","14":"sale","15":"taxable","16":"shipping-taxable","17":"purchasable","18":"product-type-simple"},"acf":[],"_links":{"self":[{"href":"https:\/\/calor.ee\/lv\/wp-json\/wp\/v2\/product\/17463","targetHints":{"allow":["GET"]}}],"collection":[{"href":"https:\/\/calor.ee\/lv\/wp-json\/wp\/v2\/product"}],"about":[{"href":"https:\/\/calor.ee\/lv\/wp-json\/wp\/v2\/types\/product"}],"replies":[{"embeddable":true,"href":"https:\/\/calor.ee\/lv\/wp-json\/wp\/v2\/comments?post=17463"}],"wp:featuredmedia":[{"embeddable":true,"href":"https:\/\/calor.ee\/lv\/wp-json\/wp\/v2\/media\/17466"}],"wp:attachment":[{"href":"https:\/\/calor.ee\/lv\/wp-json\/wp\/v2\/media?parent=17463"}],"wp:term":[{"taxonomy":"product_brand","embeddable":true,"href":"https:\/\/calor.ee\/lv\/wp-json\/wp\/v2\/product_brand?post=17463"},{"taxonomy":"product_cat","embeddable":true,"href":"https:\/\/calor.ee\/lv\/wp-json\/wp\/v2\/product_cat?post=17463"},{"taxonomy":"product_tag","embeddable":true,"href":"https:\/\/calor.ee\/lv\/wp-json\/wp\/v2\/product_tag?post=17463"}],"curies":[{"name":"wp","href":"https:\/\/api.w.org\/{rel}","templated":true}]}}