{"id":17441,"date":"2022-04-29T14:53:56","date_gmt":"2022-04-29T12:53:56","guid":{"rendered":"https:\/\/calor.ee\/aizsargmargas-huum-cliff-pirts-krasnij\/"},"modified":"2026-04-10T11:34:20","modified_gmt":"2026-04-10T09:34:20","slug":"aizsargmargas-huum-cliff-pirts-krasnij","status":"publish","type":"product","link":"https:\/\/calor.ee\/lv\/aizsargmargas-huum-cliff-pirts-krasnij\/","title":{"rendered":"Aizsargmargas HUUM CLIFF pirts kr\u0101snij"},"content":{"rendered":"","protected":false},"excerpt":{"rendered":"<p><strong>Aizsargmargas HUUM CLIFF kr\u0101snij<\/strong> pace\u013c pirts dro\u0161\u012bbu jaun\u0101 l\u012bmen\u012b un papildina J\u016bsu kr\u0101sns stilu. T\u0101s nov\u0113r\u0161 nejau\u0161u saskari ar karsto kr\u0101sni un vienlaikus izskat\u0101s lieliski.<\/p>\n<p>Aizsargmargas ir izgatavota no gai\u0161as koksnes un piem\u0113rota \u0161\u0101diem CLIFF s\u0113rijas pirts kr\u0101\u0161\u0146u mode\u013ciem:<\/p>\n<p>HUUM CLIFF 6<br \/>\nHUUM CLIFF 9<br \/>\nHUUM CLIFF 11<\/p>\n","protected":false},"featured_media":17442,"comment_status":"closed","ping_status":"closed","template":"","meta":{"_acf_changed":false},"product_brand":[5520],"product_cat":[5135],"product_tag":[],"class_list":{"0":"post-17441","1":"product","2":"type-product","3":"status-publish","4":"has-post-thumbnail","6":"product_brand-huum","7":"product_cat-pirts-piederumi","8":"product_shipping_class-huum","9":"tm-no-options","11":"first","12":"instock","13":"sale","14":"taxable","15":"shipping-taxable","16":"purchasable","17":"product-type-simple"},"acf":[],"_links":{"self":[{"href":"https:\/\/calor.ee\/lv\/wp-json\/wp\/v2\/product\/17441","targetHints":{"allow":["GET"]}}],"collection":[{"href":"https:\/\/calor.ee\/lv\/wp-json\/wp\/v2\/product"}],"about":[{"href":"https:\/\/calor.ee\/lv\/wp-json\/wp\/v2\/types\/product"}],"replies":[{"embeddable":true,"href":"https:\/\/calor.ee\/lv\/wp-json\/wp\/v2\/comments?post=17441"}],"wp:featuredmedia":[{"embeddable":true,"href":"https:\/\/calor.ee\/lv\/wp-json\/wp\/v2\/media\/17442"}],"wp:attachment":[{"href":"https:\/\/calor.ee\/lv\/wp-json\/wp\/v2\/media?parent=17441"}],"wp:term":[{"taxonomy":"product_brand","embeddable":true,"href":"https:\/\/calor.ee\/lv\/wp-json\/wp\/v2\/product_brand?post=17441"},{"taxonomy":"product_cat","embeddable":true,"href":"https:\/\/calor.ee\/lv\/wp-json\/wp\/v2\/product_cat?post=17441"},{"taxonomy":"product_tag","embeddable":true,"href":"https:\/\/calor.ee\/lv\/wp-json\/wp\/v2\/product_tag?post=17441"}],"curies":[{"name":"wp","href":"https:\/\/api.w.org\/{rel}","templated":true}]}}