{"id":17432,"date":"2020-11-12T16:24:33","date_gmt":"2020-11-12T14:24:33","guid":{"rendered":"https:\/\/calor.ee\/aizsargmargas-huum-hive-pirts-krasnij\/"},"modified":"2026-04-10T10:23:43","modified_gmt":"2026-04-10T08:23:43","slug":"aizsargmargas-huum-hive-pirts-krasnij","status":"publish","type":"product","link":"https:\/\/calor.ee\/lv\/aizsargmargas-huum-hive-pirts-krasnij\/","title":{"rendered":"Aizsargmargas HUUM HIVE pirts kr\u0101snij"},"content":{"rendered":"","protected":false},"excerpt":{"rendered":"<p>Aizsargmargas HUUM HIVE elektriskajai pirts kr\u0101snij paaugstina dro\u0161\u012bbas l\u012bmeni pirt\u012b un padara j\u016bsu elektrisko kr\u0101sni iev\u0113rojami stil\u012bg\u0101ku. T\u0101 nov\u0113r\u0161 nejau\u0161u saskari ar karsto kr\u0101sni un vienlaikus izskat\u0101s \u013coti eleganti. <\/p>\n<p>Aizsargmargas loki ir izgatavoti no gai\u0161as koksnes, bet stiprin\u0101jumi \u2014 no ner\u016bs\u0113jo\u0161\u0101 t\u0113rauda.<\/p>\n<p>T\u0101 uzst\u0101d\u012b\u0161ana ir vienk\u0101r\u0161a un \u0101tra. Izbaudiet dro\u0161u un est\u0113tisku rezult\u0101tu. <\/p>\n","protected":false},"featured_media":17437,"comment_status":"closed","ping_status":"closed","template":"","meta":{"_acf_changed":false},"product_brand":[5520],"product_cat":[5135],"product_tag":[],"class_list":{"0":"post-17432","1":"product","2":"type-product","3":"status-publish","4":"has-post-thumbnail","6":"product_brand-huum","7":"product_cat-pirts-piederumi","8":"product_shipping_class-huum","9":"tm-no-options","11":"first","12":"instock","13":"sale","14":"taxable","15":"shipping-taxable","16":"purchasable","17":"product-type-simple"},"acf":[],"_links":{"self":[{"href":"https:\/\/calor.ee\/lv\/wp-json\/wp\/v2\/product\/17432","targetHints":{"allow":["GET"]}}],"collection":[{"href":"https:\/\/calor.ee\/lv\/wp-json\/wp\/v2\/product"}],"about":[{"href":"https:\/\/calor.ee\/lv\/wp-json\/wp\/v2\/types\/product"}],"replies":[{"embeddable":true,"href":"https:\/\/calor.ee\/lv\/wp-json\/wp\/v2\/comments?post=17432"}],"wp:featuredmedia":[{"embeddable":true,"href":"https:\/\/calor.ee\/lv\/wp-json\/wp\/v2\/media\/17437"}],"wp:attachment":[{"href":"https:\/\/calor.ee\/lv\/wp-json\/wp\/v2\/media?parent=17432"}],"wp:term":[{"taxonomy":"product_brand","embeddable":true,"href":"https:\/\/calor.ee\/lv\/wp-json\/wp\/v2\/product_brand?post=17432"},{"taxonomy":"product_cat","embeddable":true,"href":"https:\/\/calor.ee\/lv\/wp-json\/wp\/v2\/product_cat?post=17432"},{"taxonomy":"product_tag","embeddable":true,"href":"https:\/\/calor.ee\/lv\/wp-json\/wp\/v2\/product_tag?post=17432"}],"curies":[{"name":"wp","href":"https:\/\/api.w.org\/{rel}","templated":true}]}}