{"id":17397,"date":"2020-10-08T21:20:31","date_gmt":"2020-10-08T19:20:31","guid":{"rendered":"https:\/\/calor.ee\/elektriska-pirts-krasns-huum-hive-15kw\/"},"modified":"2026-04-10T15:51:19","modified_gmt":"2026-04-10T13:51:19","slug":"elektriska-pirts-krasns-huum-hive-15kw","status":"publish","type":"product","link":"https:\/\/calor.ee\/lv\/elektriska-pirts-krasns-huum-hive-15kw\/","title":{"rendered":"Elektrisk\u0101 pirts kr\u0101sns HUUM HIVE 15 (15kW)"},"content":{"rendered":"<p>Komplekt\u0101 ietilpst elektrisk\u0101 pirts kr\u0101sns, gaisa tunelis un regul\u0113jamas k\u0101jas (paaugstina kr\u0101sni l\u012bdz 7 cm). Kr\u0101snij nepiecie\u0161ams vad\u012bbas pults, 250 kg pirts akme\u0146u (5\u201310 cm diametr\u0101) un karstumiztur\u012bgs baro\u0161anas kabelis.<\/p>\n<p>Pied\u0101v\u0101jum\u0101 iesp\u0113jams pievienot ar\u012b oliv\u012bna diab\u0101za apa\u013cos pirts akme\u0146us, kas ir iztur\u012bgi, ar augstu siltuma jaudu un est\u0113tiski pievilc\u012bgi \u2014 k\u0101 redzams att\u0113los. To noapa\u013cot\u0101 forma \u013cauj \u016bdenim vienm\u0113r\u012bgi pl\u016bst starp akme\u0146iem un pak\u0101peniski iztvaikot, radot maig\u0101ku un vienm\u0113r\u012bg\u0101ku tvaiku.<\/p>\n<p>Alternat\u012bva ir grozam pievienot \u0161\u0137elto oliv\u012bna diab\u0101za pirts akme\u0146u komplektu, kas ir iztur\u012bgi un lieliski uzkr\u0101j siltumu. \u016adens efekt\u012bvi iztvaiko no akme\u0146u \u0161\u0137eluma virsm\u0101m, nodro\u0161inot pat\u012bkamu un bag\u0101t\u012bgu tvaiku. Pateicoties to st\u016brainajai formai, akme\u0146us ir \u0113rti ievietot pirts kr\u0101sn\u012b.<\/p>\n","protected":false},"excerpt":{"rendered":"<p>Elektrisk\u0101 pirts kr\u0101sns HUUM HIVE 15 ir elegants risin\u0101jums vid\u0113ja un liel\u0101ka izm\u0113ra (15-23 m\u00b3) pirt\u012bm. T\u0101 ir lieliski piem\u0113rota m\u0101jas pirt\u012bm, spa centriem un sporta klubiem.<\/p>\n<p>No kvalitat\u012bva ner\u016bs\u0113jo\u0161\u0101 t\u0113rauda izgatavot\u0101, skaista dizaina HUUM HIVE 15 elektrisk\u0101 pirts kr\u0101sns ietilpina l\u012bdz pat 250 kilogramiem akme\u0146u, kas nodro\u0161ina ilgsto\u0161u un pat\u012bkamu garu ar\u012b liel\u0101k\u0101m komp\u0101nij\u0101m.<\/p>\n<p>T\u0101 k\u0101 HUUM HIVE Mini 10,5kW konstrukcij\u0101 izmantots minim\u0101ls met\u0101la daudzums, liel\u0101k\u0101 da\u013ca siltuma n\u0101k no akme\u0146iem, nevis met\u0101la virsm\u0101m. Tas nodro\u0161ina liel\u0101ku negat\u012bvo jonu koncentr\u0101ciju un maz\u0101ku pozit\u012bvo jonu daudzumu gais\u0101, kas rada vesel\u012bg\u0101ku un pat\u012bkam\u0101ku pirts atmosf\u0113ru \u2014 \u012bsts labsaj\u016btas nosl\u0113pums.<\/p>\n<p>Pirts kr\u0101sns sild\u012b\u0161anas elementi ir ieskauti ar ner\u016bs\u0113jo\u0161\u0101 t\u0113rauda gaisa tuneli, kas pa\u0101trina pirts uzsild\u012b\u0161anas procesu l\u012bdz pat 25% un vienlaikus pagarina sildelementu kalpo\u0161anas laiku.<\/p>\n<p>Ja v\u0113laties HUUM HIVE 15 elektrisko pirts kr\u0101sni da\u013c\u0113ji ieb\u016bv\u0113t pirts sol\u0101, skaist\u0101kam izskatam varat papildu apr\u012bkojum\u0101 pas\u016bt\u012bt ieb\u016bves r\u0101mi. Vizu\u0101lo izskatu un dro\u0161\u012bbu uzlabo ar\u012b \u0161im modelim paredz\u0113ts aizsargmargas komplekts, kas pieejams k\u0101 papildapr\u012bkojums.<\/p>\n","protected":false},"featured_media":17407,"comment_status":"closed","ping_status":"closed","template":"","meta":{"_acf_changed":false},"product_brand":[5520],"product_cat":[5129],"product_tag":[5149],"class_list":{"0":"post-17397","1":"product","2":"type-product","3":"status-publish","4":"has-post-thumbnail","6":"product_brand-huum","7":"product_cat-elektriskas-pirts-krasnis","8":"product_tag-huum-pirts-krasnis","9":"product_shipping_class-bezmaksas","10":"tm-no-options","12":"first","13":"instock","14":"sale","15":"taxable","16":"shipping-taxable","17":"purchasable","18":"product-type-simple"},"acf":[],"_links":{"self":[{"href":"https:\/\/calor.ee\/lv\/wp-json\/wp\/v2\/product\/17397","targetHints":{"allow":["GET"]}}],"collection":[{"href":"https:\/\/calor.ee\/lv\/wp-json\/wp\/v2\/product"}],"about":[{"href":"https:\/\/calor.ee\/lv\/wp-json\/wp\/v2\/types\/product"}],"replies":[{"embeddable":true,"href":"https:\/\/calor.ee\/lv\/wp-json\/wp\/v2\/comments?post=17397"}],"wp:featuredmedia":[{"embeddable":true,"href":"https:\/\/calor.ee\/lv\/wp-json\/wp\/v2\/media\/17407"}],"wp:attachment":[{"href":"https:\/\/calor.ee\/lv\/wp-json\/wp\/v2\/media?parent=17397"}],"wp:term":[{"taxonomy":"product_brand","embeddable":true,"href":"https:\/\/calor.ee\/lv\/wp-json\/wp\/v2\/product_brand?post=17397"},{"taxonomy":"product_cat","embeddable":true,"href":"https:\/\/calor.ee\/lv\/wp-json\/wp\/v2\/product_cat?post=17397"},{"taxonomy":"product_tag","embeddable":true,"href":"https:\/\/calor.ee\/lv\/wp-json\/wp\/v2\/product_tag?post=17397"}],"curies":[{"name":"wp","href":"https:\/\/api.w.org\/{rel}","templated":true}]}}