{"id":17337,"date":"2020-11-25T23:07:43","date_gmt":"2020-11-25T21:07:43","guid":{"rendered":"https:\/\/calor.ee\/dumkanalu-komplekts-brula-b-tipa-stura-krasns-kurtuvei\/"},"modified":"2020-11-25T23:07:43","modified_gmt":"2020-11-25T21:07:43","slug":"dumkanalu-komplekts-brula-b-tipa-stura-krasns-kurtuvei","status":"publish","type":"product","link":"https:\/\/calor.ee\/lv\/dumkanalu-komplekts-brula-b-tipa-stura-krasns-kurtuvei\/","title":{"rendered":"D\u016bmkan\u0101lu komplekts Brula B+ tipa st\u016bra kr\u0101sns kurtuvei"},"content":{"rendered":"<p>Komplekts ietver \u0161amota modu\u013cu blokus, lieta \u010duguna savienojuma deta\u013cu un m\u016br\u0113\u0161anas javu.<\/p>\n","protected":false},"excerpt":{"rendered":"<p>D\u016bmkan\u0101lu komplekts ir lab\u0101kais un \u0101tr\u0101kais risin\u0101jums kr\u0101sns izb\u016bvei.<\/p>\n<p>T\u012br\u012b\u0161anas l\u016bkas var novietot p\u0113c izv\u0113les \u2014 labaj\u0101, kreisaj\u0101 pus\u0113 vai priek\u0161pus\u0113.<\/p>\n","protected":false},"featured_media":17338,"comment_status":"closed","ping_status":"closed","template":"","meta":{"_acf_changed":false},"product_brand":[5521],"product_cat":[3317],"product_tag":[],"class_list":{"0":"post-17337","1":"product","2":"type-product","3":"status-publish","4":"has-post-thumbnail","6":"product_brand-brula","7":"product_cat-krasns-kurtuves","8":"product_shipping_class-bezmaksas","9":"tm-no-options","11":"first","12":"instock","13":"taxable","14":"shipping-taxable","15":"purchasable","16":"product-type-simple"},"acf":[],"_links":{"self":[{"href":"https:\/\/calor.ee\/lv\/wp-json\/wp\/v2\/product\/17337","targetHints":{"allow":["GET"]}}],"collection":[{"href":"https:\/\/calor.ee\/lv\/wp-json\/wp\/v2\/product"}],"about":[{"href":"https:\/\/calor.ee\/lv\/wp-json\/wp\/v2\/types\/product"}],"replies":[{"embeddable":true,"href":"https:\/\/calor.ee\/lv\/wp-json\/wp\/v2\/comments?post=17337"}],"wp:featuredmedia":[{"embeddable":true,"href":"https:\/\/calor.ee\/lv\/wp-json\/wp\/v2\/media\/17338"}],"wp:attachment":[{"href":"https:\/\/calor.ee\/lv\/wp-json\/wp\/v2\/media?parent=17337"}],"wp:term":[{"taxonomy":"product_brand","embeddable":true,"href":"https:\/\/calor.ee\/lv\/wp-json\/wp\/v2\/product_brand?post=17337"},{"taxonomy":"product_cat","embeddable":true,"href":"https:\/\/calor.ee\/lv\/wp-json\/wp\/v2\/product_cat?post=17337"},{"taxonomy":"product_tag","embeddable":true,"href":"https:\/\/calor.ee\/lv\/wp-json\/wp\/v2\/product_tag?post=17337"}],"curies":[{"name":"wp","href":"https:\/\/api.w.org\/{rel}","templated":true}]}}