{"id":17320,"date":"2022-06-30T15:42:28","date_gmt":"2022-06-30T13:42:28","guid":{"rendered":"https:\/\/calor.ee\/krasns-kurtuve-brula-d-stura-iebuvejama-izpildijuma\/"},"modified":"2022-06-30T15:42:28","modified_gmt":"2022-06-30T13:42:28","slug":"krasns-kurtuve-brula-d-stura-iebuvejama-izpildijuma","status":"publish","type":"product","link":"https:\/\/calor.ee\/lv\/krasns-kurtuve-brula-d-stura-iebuvejama-izpildijuma\/","title":{"rendered":"Kr\u0101sns kurtuve Brula D+ st\u016bra (ieb\u016bv\u0113jam\u0101) izpild\u012bjum\u0101"},"content":{"rendered":"<p>Komplekt\u0101 ietilpst kr\u0101sns kurtuve, durti\u0146as, pamatplatforma, b\u016bvjava, d\u016bmg\u0101zu izvades kan\u0101lu komplekts, skavas un gatavi kurtuves deta\u013cu izgriezumi ap durv\u012bm.<\/p>\n<p>Kr\u0101sns apdar\u0113 robe\u017eu nosaka tikai j\u016bsu izt\u0113le \u2014 iedvesmojieties zem\u0101k.<\/p>\n","protected":false},"excerpt":{"rendered":"<p>St\u016bra ieb\u016bv\u0113jam\u0101 <strong>Brula D+ tipa kr\u0101sns kurtuve<\/strong> ir paredz\u0113ta daudzpus\u012bg\u0101m dz\u012bvojam\u0101m telp\u0101m. Pla\u0161ais skats uz kurtuvi sniedz aizraujo\u0161u iesp\u0113ju v\u0113rot liesmu sp\u0113li. <\/p>\n<p>Ar \u0161o kurtuvi b\u016bv\u0113t\u0101 kr\u0101sns ir lieliski piem\u0113rota k\u0101 galven\u0101 apkures kr\u0101sns, kas izstaro akme\u0146os uzkr\u0101to siltumu un m\u0101j\u012bgumu.<\/p>\n<p>No kvalitat\u012bva \u0161amota materi\u0101la izgatavoto kr\u0101sns kurtuvi var salikt vienk\u0101r\u0161i un \u0101tri. Mont\u0101\u017eas k\u013c\u016bdas vai nepareizi izm\u0113ri tiek izsl\u0113gti, pateicoties sist\u0113mas blokiem.  Ieb\u016bv\u0113jam\u0101 r\u0101mja biezums ir 6 mm.<\/p>\n<p>Testitud vastavalt standardile DIN EN 15250, 15a BVG ja BimSchV II.<\/p>\n<p>Atbilsto\u0161i sav\u0101m v\u0113lm\u0113m varat izv\u0113l\u0113ties durvju atv\u0113r\u0161anas virzienu \u2013 pa labi vai pa kreisi.<\/p>\n","protected":false},"featured_media":17328,"comment_status":"closed","ping_status":"closed","template":"","meta":{"_acf_changed":false},"product_brand":[5521],"product_cat":[5164,3317],"product_tag":[],"class_list":{"0":"post-17320","1":"product","2":"type-product","3":"status-publish","4":"has-post-thumbnail","6":"product_brand-brula","7":"product_cat-dizaina-krasnis","8":"product_cat-krasns-kurtuves","9":"product_shipping_class-bezmaksas","10":"tm-no-options","12":"first","13":"instock","14":"taxable","15":"shipping-taxable","16":"purchasable","17":"product-type-variable"},"acf":[],"_links":{"self":[{"href":"https:\/\/calor.ee\/lv\/wp-json\/wp\/v2\/product\/17320","targetHints":{"allow":["GET"]}}],"collection":[{"href":"https:\/\/calor.ee\/lv\/wp-json\/wp\/v2\/product"}],"about":[{"href":"https:\/\/calor.ee\/lv\/wp-json\/wp\/v2\/types\/product"}],"replies":[{"embeddable":true,"href":"https:\/\/calor.ee\/lv\/wp-json\/wp\/v2\/comments?post=17320"}],"wp:featuredmedia":[{"embeddable":true,"href":"https:\/\/calor.ee\/lv\/wp-json\/wp\/v2\/media\/17328"}],"wp:attachment":[{"href":"https:\/\/calor.ee\/lv\/wp-json\/wp\/v2\/media?parent=17320"}],"wp:term":[{"taxonomy":"product_brand","embeddable":true,"href":"https:\/\/calor.ee\/lv\/wp-json\/wp\/v2\/product_brand?post=17320"},{"taxonomy":"product_cat","embeddable":true,"href":"https:\/\/calor.ee\/lv\/wp-json\/wp\/v2\/product_cat?post=17320"},{"taxonomy":"product_tag","embeddable":true,"href":"https:\/\/calor.ee\/lv\/wp-json\/wp\/v2\/product_tag?post=17320"}],"curies":[{"name":"wp","href":"https:\/\/api.w.org\/{rel}","templated":true}]}}