{"id":17301,"date":"2020-11-25T19:19:58","date_gmt":"2020-11-25T17:19:58","guid":{"rendered":"https:\/\/calor.ee\/krasns-kurtuve-brula-d-dzila-izpildijuma\/"},"modified":"2020-11-25T19:19:58","modified_gmt":"2020-11-25T17:19:58","slug":"krasns-kurtuve-brula-d-dzila-izpildijuma","status":"publish","type":"product","link":"https:\/\/calor.ee\/lv\/krasns-kurtuve-brula-d-dzila-izpildijuma\/","title":{"rendered":"Kr\u0101sns kurtuve Brula D+ dzi\u013c\u0101 izpild\u012bjum\u0101"},"content":{"rendered":"<p>Komplekt\u0101 ietilpst kr\u0101sns kurtuve, durti\u0146as, pamatplatforma, b\u016bvjava, d\u016bmg\u0101zu izvades kan\u0101lu komplekts, skavas un gatavi kurtuves deta\u013cu izgriezumi ap durv\u012bm.<\/p>\n<p>Komplekt\u0101 nav iek\u013cauts durvju r\u0101mis, k\u0101 redzams produkta fotogr\u0101fij\u0101. Durvju r\u0101mi (5 cm vai 8 cm) iesp\u0113jams pas\u016bt\u012bt k\u0101 papildu apr\u012bkojumu. Durvju r\u0101mja nepiecie\u0161am\u012bba ir atkar\u012bga no dizainera vai kr\u0101snsmeistara ieceres par to, k\u0101 pl\u0101nots pabeigt kr\u0101sns apdari.  <\/p>\n<p>Kr\u0101sns apdar\u0113 robe\u017eu nosaka tikai j\u016bsu izt\u0113le \u2014 iedvesmojieties zem\u0101k.<\/p>\n","protected":false},"excerpt":{"rendered":"<p><strong>Brula D+ tipa dzi\u013c\u0101 kr\u0101sns kurtuve<\/strong> ir ide\u0101li piem\u0113rota garai malka. Taj\u0101 var ievietot pat l\u012bdz 50 cm garus malkas gabalus, kas, pateicoties \u0161aurajam kurtuves dizainam, piln\u012bb\u0101 un t\u012bri sadeg. <\/p>\n<p>No kvalitat\u012bva \u0161amota materi\u0101la izgatavoto kr\u0101sns kurtuvi var salikt vienk\u0101r\u0161i un \u0101tri. Mont\u0101\u017eas k\u013c\u016bdas vai nepareizi izm\u0113ri tiek izsl\u0113gti, pateicoties sist\u0113mas blokiem. <\/p>\n<p>P\u0101rbaud\u012bta atbilsto\u0161i standartiem DIN EN 13229, 15a BVG un BimSchV II.<\/p>\n","protected":false},"featured_media":17302,"comment_status":"closed","ping_status":"closed","template":"","meta":{"_acf_changed":false},"product_brand":[5521],"product_cat":[5164,3317],"product_tag":[],"class_list":{"0":"post-17301","1":"product","2":"type-product","3":"status-publish","4":"has-post-thumbnail","6":"product_brand-brula","7":"product_cat-dizaina-krasnis","8":"product_cat-krasns-kurtuves","9":"product_shipping_class-bezmaksas","10":"tm-no-options","12":"first","13":"instock","14":"taxable","15":"shipping-taxable","16":"purchasable","17":"product-type-variable","18":"has-default-attributes"},"acf":[],"_links":{"self":[{"href":"https:\/\/calor.ee\/lv\/wp-json\/wp\/v2\/product\/17301","targetHints":{"allow":["GET"]}}],"collection":[{"href":"https:\/\/calor.ee\/lv\/wp-json\/wp\/v2\/product"}],"about":[{"href":"https:\/\/calor.ee\/lv\/wp-json\/wp\/v2\/types\/product"}],"replies":[{"embeddable":true,"href":"https:\/\/calor.ee\/lv\/wp-json\/wp\/v2\/comments?post=17301"}],"wp:featuredmedia":[{"embeddable":true,"href":"https:\/\/calor.ee\/lv\/wp-json\/wp\/v2\/media\/17302"}],"wp:attachment":[{"href":"https:\/\/calor.ee\/lv\/wp-json\/wp\/v2\/media?parent=17301"}],"wp:term":[{"taxonomy":"product_brand","embeddable":true,"href":"https:\/\/calor.ee\/lv\/wp-json\/wp\/v2\/product_brand?post=17301"},{"taxonomy":"product_cat","embeddable":true,"href":"https:\/\/calor.ee\/lv\/wp-json\/wp\/v2\/product_cat?post=17301"},{"taxonomy":"product_tag","embeddable":true,"href":"https:\/\/calor.ee\/lv\/wp-json\/wp\/v2\/product_tag?post=17301"}],"curies":[{"name":"wp","href":"https:\/\/api.w.org\/{rel}","templated":true}]}}