{"id":17247,"date":"2020-11-21T20:08:12","date_gmt":"2020-11-21T18:08:12","guid":{"rendered":"https:\/\/calor.ee\/krasns-kurtuve-brula-tips-d\/"},"modified":"2020-11-21T20:08:12","modified_gmt":"2020-11-21T18:08:12","slug":"krasns-kurtuve-brula-tips-d","status":"publish","type":"product","link":"https:\/\/calor.ee\/lv\/krasns-kurtuve-brula-tips-d\/","title":{"rendered":"Kr\u0101sns kurtuve Brula Tips D+"},"content":{"rendered":"<p>Komplekt\u0101 ietilpst kr\u0101sns kurtuve, durti\u0146as, pamatplatforma, b\u016bvjava, d\u016bmg\u0101zu izvades kan\u0101lu komplekts, skavas un gatavi kurtuves deta\u013cu izgriezumi ap durv\u012bm.<\/p>\n<p>Kr\u0101sns apdar\u0113 robe\u017eu nosaka tikai j\u016bsu izt\u0113le \u2014 iedvesmojieties zem\u0101k.<\/p>\n","protected":false},"excerpt":{"rendered":"<p><strong>Brula D+ tipa kr\u0101sns kurtuve<\/strong> ir paredz\u0113ta liel\u0101k\u0101m apkures slodz\u0113m. Palielin\u0101t\u0101 kurtuve nodro\u0161ina liel\u0101ku siltuma jaudu \u2014 ar vienu kurin\u0101\u0161anu ieg\u016bsiet pat\u012bkamu siltumu, kas saglab\u0101jas ilgu laiku. <\/p>\n<p>No kvalitat\u012bva \u0161amota materi\u0101la izgatavoto kr\u0101sns kurtuvi var salikt vienk\u0101r\u0161i un \u0101tri. Mont\u0101\u017eas k\u013c\u016bdas vai nepareizi izm\u0113ri tiek izsl\u0113gti, pateicoties sist\u0113mas blokiem. <\/p>\n<p>Liel\u0101s panor\u0101mas durti\u0146as nodro\u0161ina lielisku skatu uz dz\u012bvo liesmu.<\/p>\n<p>P\u0101rbaud\u012bta atbilsto\u0161i standartiem DIN EN 13229, 15a BVG un BimSchV II.<\/p>\n","protected":false},"featured_media":17248,"comment_status":"closed","ping_status":"closed","template":"","meta":{"_acf_changed":false},"product_brand":[5521],"product_cat":[5164,3317],"product_tag":[],"class_list":{"0":"post-17247","1":"product","2":"type-product","3":"status-publish","4":"has-post-thumbnail","6":"product_brand-brula","7":"product_cat-dizaina-krasnis","8":"product_cat-krasns-kurtuves","9":"product_shipping_class-bezmaksas","10":"tm-no-options","12":"first","13":"instock","14":"taxable","15":"shipping-taxable","16":"purchasable","17":"product-type-simple"},"acf":[],"_links":{"self":[{"href":"https:\/\/calor.ee\/lv\/wp-json\/wp\/v2\/product\/17247","targetHints":{"allow":["GET"]}}],"collection":[{"href":"https:\/\/calor.ee\/lv\/wp-json\/wp\/v2\/product"}],"about":[{"href":"https:\/\/calor.ee\/lv\/wp-json\/wp\/v2\/types\/product"}],"replies":[{"embeddable":true,"href":"https:\/\/calor.ee\/lv\/wp-json\/wp\/v2\/comments?post=17247"}],"wp:featuredmedia":[{"embeddable":true,"href":"https:\/\/calor.ee\/lv\/wp-json\/wp\/v2\/media\/17248"}],"wp:attachment":[{"href":"https:\/\/calor.ee\/lv\/wp-json\/wp\/v2\/media?parent=17247"}],"wp:term":[{"taxonomy":"product_brand","embeddable":true,"href":"https:\/\/calor.ee\/lv\/wp-json\/wp\/v2\/product_brand?post=17247"},{"taxonomy":"product_cat","embeddable":true,"href":"https:\/\/calor.ee\/lv\/wp-json\/wp\/v2\/product_cat?post=17247"},{"taxonomy":"product_tag","embeddable":true,"href":"https:\/\/calor.ee\/lv\/wp-json\/wp\/v2\/product_tag?post=17247"}],"curies":[{"name":"wp","href":"https:\/\/api.w.org\/{rel}","templated":true}]}}