{"id":17240,"date":"2020-11-21T19:07:50","date_gmt":"2020-11-21T17:07:50","guid":{"rendered":"https:\/\/calor.ee\/krasns-kurtuve-brula-tips-c\/"},"modified":"2020-11-21T19:07:50","modified_gmt":"2020-11-21T17:07:50","slug":"krasns-kurtuve-brula-tips-c","status":"publish","type":"product","link":"https:\/\/calor.ee\/lv\/krasns-kurtuve-brula-tips-c\/","title":{"rendered":"Kr\u0101sns kurtuve Brula Tips C+"},"content":{"rendered":"<p>Komplekt\u0101 ietilpst kr\u0101sns kurtuve, durti\u0146as, pamatplatforma, b\u016bvjava, d\u016bmg\u0101zu izvades kan\u0101lu komplekts, skavas un gatavi kurtuves deta\u013cu izgriezumi ap durv\u012bm.<\/p>\n<p>Kr\u0101sns apdar\u0113 robe\u017eu nosaka tikai j\u016bsu izt\u0113le \u2014 iedvesmojieties zem\u0101k.<\/p>\n","protected":false},"excerpt":{"rendered":"<p><strong>Brula C+ tipa kr\u0101sns kurtuve<\/strong> pied\u0101v\u0101 optim\u0101lu risin\u0101jumu liel\u0101k\u0101m apkures slodz\u0113m.<\/p>\n<p>No kvalitat\u012bva \u0161amota materi\u0101la izgatavoto kr\u0101sns kurtuvi var salikt vienk\u0101r\u0161i un \u0101tri. Mont\u0101\u017eas k\u013c\u016bdas vai nepareizi izm\u0113ri tiek izsl\u0113gti, pateicoties sist\u0113mas blokiem. <\/p>\n<p>Liel\u0101s kr\u0101sns durti\u0146as nodro\u0161ina lielisku skatu uz kurtuv\u0113 dego\u0161o liesmu. Durti\u0146\u0101m ir smalka un neman\u0101ma deg\u0161anas gaisa regul\u0113\u0161anas svira, k\u0101 ar\u012b \u0113rts spir\u0101lveida rokturis, kas nodro\u0161ina pat\u012bkamu durvju aizv\u0113r\u0161anu un atv\u0113r\u0161anu. <\/p>\n<p>P\u0101rbaud\u012bta atbilsto\u0161i standartiem DIN EN 13229, 15a BVG un BimSchV II.<\/p>\n","protected":false},"featured_media":17246,"comment_status":"closed","ping_status":"closed","template":"","meta":{"_acf_changed":false},"product_brand":[5521],"product_cat":[5164,3317],"product_tag":[],"class_list":{"0":"post-17240","1":"product","2":"type-product","3":"status-publish","4":"has-post-thumbnail","6":"product_brand-brula","7":"product_cat-dizaina-krasnis","8":"product_cat-krasns-kurtuves","9":"product_shipping_class-bezmaksas","10":"tm-no-options","12":"first","13":"instock","14":"taxable","15":"shipping-taxable","16":"purchasable","17":"product-type-simple"},"acf":[],"_links":{"self":[{"href":"https:\/\/calor.ee\/lv\/wp-json\/wp\/v2\/product\/17240","targetHints":{"allow":["GET"]}}],"collection":[{"href":"https:\/\/calor.ee\/lv\/wp-json\/wp\/v2\/product"}],"about":[{"href":"https:\/\/calor.ee\/lv\/wp-json\/wp\/v2\/types\/product"}],"replies":[{"embeddable":true,"href":"https:\/\/calor.ee\/lv\/wp-json\/wp\/v2\/comments?post=17240"}],"wp:featuredmedia":[{"embeddable":true,"href":"https:\/\/calor.ee\/lv\/wp-json\/wp\/v2\/media\/17246"}],"wp:attachment":[{"href":"https:\/\/calor.ee\/lv\/wp-json\/wp\/v2\/media?parent=17240"}],"wp:term":[{"taxonomy":"product_brand","embeddable":true,"href":"https:\/\/calor.ee\/lv\/wp-json\/wp\/v2\/product_brand?post=17240"},{"taxonomy":"product_cat","embeddable":true,"href":"https:\/\/calor.ee\/lv\/wp-json\/wp\/v2\/product_cat?post=17240"},{"taxonomy":"product_tag","embeddable":true,"href":"https:\/\/calor.ee\/lv\/wp-json\/wp\/v2\/product_tag?post=17240"}],"curies":[{"name":"wp","href":"https:\/\/api.w.org\/{rel}","templated":true}]}}