{"id":17034,"date":"2020-11-21T11:32:23","date_gmt":"2020-11-21T09:32:23","guid":{"rendered":"https:\/\/calor.ee\/krasns-kurtuve-brula-tips-a\/"},"modified":"2020-11-21T11:32:23","modified_gmt":"2020-11-21T09:32:23","slug":"krasns-kurtuve-brula-tips-a","status":"publish","type":"product","link":"https:\/\/calor.ee\/lv\/krasns-kurtuve-brula-tips-a\/","title":{"rendered":"Kr\u0101sns kurtuve Brula Tips A+"},"content":{"rendered":"<p>Komplekt\u0101 ietilpst kr\u0101sns kurtuve, durti\u0146as, pamatplatforma, b\u016bvjava, d\u016bmg\u0101zu izvades kan\u0101lu komplekts, skavas un gatavi kurtuves deta\u013cu izgriezumi ap durv\u012bm.<\/p>\n<p>Kr\u0101sns apdar\u0113 robe\u017eu nosaka tikai j\u016bsu izt\u0113le \u2014 iedvesmojieties zem\u0101k.<\/p>\n","protected":false},"excerpt":{"rendered":"<p>Kompakt\u0101 un ar lielu siltuma uzkr\u0101\u0161anas sp\u0113ju apr\u012bkot\u0101 kr\u0101sns kurtuve Brula Tips A+ ir uzst\u0101d\u0101ma jebkur\u0101 telp\u0101. T\u0101 nodro\u0161ina videi draudz\u012bgu un efekt\u012bvu ener\u0123ijas izmanto\u0161anu, k\u0101 ar\u012b optim\u0101lu telpas izmantojumu. <\/p>\n<p>No kvalitat\u012bva \u0161amota materi\u0101la izgatavoto kr\u0101sns kurtuvi var salikt vienk\u0101r\u0161i un \u0101tri. Mont\u0101\u017eas k\u013c\u016bdas vai nepareizi izm\u0113ri tiek izsl\u0113gti, pateicoties sist\u0113mas blokiem. <\/p>\n<p>P\u0101rbaud\u012bta atbilsto\u0161i standartiem DIN EN 13229, 15a BVG un BimSchV II.<\/p>\n<p>Atbilsto\u0161i j\u016bsu person\u012bgaj\u0101m v\u0113lm\u0113m var izv\u0113l\u0113ties zem\u0101kas vai augst\u0101kas durti\u0146as.<\/p>\n","protected":false},"featured_media":17042,"comment_status":"closed","ping_status":"closed","template":"","meta":{"_acf_changed":false},"product_brand":[5521],"product_cat":[5164,3317],"product_tag":[],"class_list":{"0":"post-17034","1":"product","2":"type-product","3":"status-publish","4":"has-post-thumbnail","6":"product_brand-brula","7":"product_cat-dizaina-krasnis","8":"product_cat-krasns-kurtuves","9":"product_shipping_class-bezmaksas","10":"tm-no-options","12":"first","13":"instock","14":"taxable","15":"shipping-taxable","16":"purchasable","17":"product-type-variable"},"acf":[],"_links":{"self":[{"href":"https:\/\/calor.ee\/lv\/wp-json\/wp\/v2\/product\/17034","targetHints":{"allow":["GET"]}}],"collection":[{"href":"https:\/\/calor.ee\/lv\/wp-json\/wp\/v2\/product"}],"about":[{"href":"https:\/\/calor.ee\/lv\/wp-json\/wp\/v2\/types\/product"}],"replies":[{"embeddable":true,"href":"https:\/\/calor.ee\/lv\/wp-json\/wp\/v2\/comments?post=17034"}],"wp:featuredmedia":[{"embeddable":true,"href":"https:\/\/calor.ee\/lv\/wp-json\/wp\/v2\/media\/17042"}],"wp:attachment":[{"href":"https:\/\/calor.ee\/lv\/wp-json\/wp\/v2\/media?parent=17034"}],"wp:term":[{"taxonomy":"product_brand","embeddable":true,"href":"https:\/\/calor.ee\/lv\/wp-json\/wp\/v2\/product_brand?post=17034"},{"taxonomy":"product_cat","embeddable":true,"href":"https:\/\/calor.ee\/lv\/wp-json\/wp\/v2\/product_cat?post=17034"},{"taxonomy":"product_tag","embeddable":true,"href":"https:\/\/calor.ee\/lv\/wp-json\/wp\/v2\/product_tag?post=17034"}],"curies":[{"name":"wp","href":"https:\/\/api.w.org\/{rel}","templated":true}]}}