{"id":17502,"date":"2025-05-09T13:50:23","date_gmt":"2025-05-09T11:50:23","guid":{"rendered":"https:\/\/calor.ee\/jarelmaks\/"},"modified":"2025-10-13T15:18:08","modified_gmt":"2025-10-13T13:18:08","slug":"lizings","status":"publish","type":"page","link":"https:\/\/calor.ee\/lv\/lizings\/","title":{"rendered":"L\u012bzings"},"content":{"rendered":"<div class=\"row\"  id=\"row-2010337052\">\n\n\t<div id=\"col-42843630\" class=\"col small-12 large-12\"  >\n\t\t\t\t<div class=\"col-inner\"  >\n\t\t\t\n\t\t\t\n<h2>ESTO l\u012bzings<\/h2>\n\t\t<\/div>\n\t\t\t\t\t<\/div>\n\n\t\n<\/div>\n<div class=\"row align-equal\"  id=\"row-1309920404\">\n\n\t<div id=\"col-1347199935\" class=\"col medium-6 small-12 large-6\"  >\n\t\t\t\t<div class=\"col-inner\" style=\"background-color:rgb(255, 255, 255);\" >\n\t\t\t\n\t\t\t\n\t<div class=\"img has-hover esto-image x md-x lg-x y md-y lg-y\" id=\"image_2084235988\">\n\t\t<a class=\"image-lightbox lightbox-gallery\" title=\"\" href=\"https:\/\/calor.ee\/wp-content\/uploads\/2025\/05\/esto-jarelmaks.webp\">\t\t\t\t\t\t<div class=\"img-inner dark\" style=\"margin:0px 0px 0px 0px;\">\n\t\t\t<img loading=\"lazy\" decoding=\"async\" width=\"1000\" height=\"523\" src=\"https:\/\/calor.ee\/wp-content\/uploads\/2025\/05\/esto-jarelmaks.webp\" class=\"attachment-original size-original\" alt=\"\" srcset=\"https:\/\/calor.ee\/wp-content\/uploads\/2025\/05\/esto-jarelmaks.webp 1000w, https:\/\/calor.ee\/wp-content\/uploads\/2025\/05\/esto-jarelmaks-300x157.webp 300w, https:\/\/calor.ee\/wp-content\/uploads\/2025\/05\/esto-jarelmaks-768x402.webp 768w, https:\/\/calor.ee\/wp-content\/uploads\/2025\/05\/esto-jarelmaks-140x73.webp 140w\" sizes=\"auto, (max-width: 1000px) 100vw, 1000px\" \/>\t\t\t\t\t\t\n\t\t\t\t\t<\/div>\n\t\t\t\t\t\t<\/a>\t\t\n<style>\n#image_2084235988 {\n  width: 100%;\n}\n<\/style>\n\t<\/div>\n\t\n\t<div id=\"text-3433825199\" class=\"text esto-text\">\n\t\t\n<p>Ei soovi maksta kogu summat korraga? Maksa osamaksete kaupa!<\/p>\n<p><strong>ESTO j\u00e4relmaksu<\/strong> puhul on tegemist \u00fclimalt kiire ning mugava makselahendusega, mis aitab koostada Sulle sinu poolt valitud perioodi alusel maksegraafiku. Makselahendus teeb otsuse reaalajas ning aitab ostu sooritada v\u00e4hem kui 60 sekundiga.<\/p>\n<p>Lisa sobivad tooted ostukorvi, kinnita oma tellimus ning vali makseviisidest ESTO j\u00e4relmaks. Ostu kinnitamisel vali endale sobiv periood, igakuise osamakse suurus ning digiallkirjasta mugavalt ID-kaardi, Smart-ID v\u00f5i Mobiili-ID abil.<\/p>\n<ul>\n<li>ESTO j\u00e4relmaksu saavad taotleda k\u00f5ik 18-70-aastased Eesti Vabariigi kodanikud.<\/li>\n<li>ESTO j\u00e4relmaks on v\u00f5imalik vormistada kiirelt ja mugavalt ka juriidilisele isikule.<\/li>\n<\/ul>\n<p>ESTO j\u00e4relmaksu pakub ja haldab ESTO AS<\/p>\n<p><span style=\"font-size: 90%;\"><strong>T\u00c4HELEPANU!<\/strong> Iga j\u00e4relmaks on finantskohustus. Enne j\u00e4relmaksulepingu s\u00f5lmimist tutvuge vastava teenuse tingimustega ning vajadusel konsulteerige asjatundjaga. Iga finantsotsusega kaasnevad riskid ja kohustused, mist\u00f5ttu palume laenutoodete tarbimise vajadus hoolikalt l\u00e4bi m\u00f5elda. N\u00e4iteks 1290-eurose laenusumma puhul 24 kuuks fikseeritud intressiga 14.90% aastas ja lepingutasuga 0 eurot on krediidi kulukuse m\u00e4\u00e4r 31.62%, kuumakse suurus 70.67 eurot ning tarbija poolt tagasimakstav kogusumma 1696.08 eurot. J\u00e4relmaks on finantskohustus ning enne otsuse tegemist tutvuge p\u00f5hjalikult lepingutingimustega ja vajadusel pidage n\u00f5u ESTO AS t\u00f6\u00f6tajaga v\u00f5i muu asjatundjaga. J\u00e4relmaksu pakub ja haldab ESTO AS.<\/span><br \/>\n\t\t\t<\/div>\n\t\n\t\t<\/div>\n\t\t\t\t\n<style>\n#col-1347199935 > .col-inner {\n  padding: 0px 0px 0px 0px;\n  border-radius: 10px;\n}\n<\/style>\n\t<\/div>\n\n\t\n\n\t<div id=\"col-1455200985\" class=\"col medium-6 small-12 large-6\"  >\n\t\t\t\t<div class=\"col-inner\" style=\"background-color:rgb(255, 255, 255);\" >\n\t\t\t\n\t\t\t\n\t<div class=\"img has-hover esto-image x md-x lg-x y md-y lg-y\" id=\"image_1802489565\">\n\t\t<a class=\"image-lightbox lightbox-gallery\" title=\"\" href=\"https:\/\/calor.ee\/wp-content\/uploads\/2025\/05\/esto-3.webp\">\t\t\t\t\t\t<div class=\"img-inner dark\" >\n\t\t\t<img loading=\"lazy\" decoding=\"async\" width=\"1000\" height=\"523\" src=\"https:\/\/calor.ee\/wp-content\/uploads\/2025\/05\/esto-3.webp\" class=\"attachment-original size-original\" alt=\"\" srcset=\"https:\/\/calor.ee\/wp-content\/uploads\/2025\/05\/esto-3.webp 1000w, https:\/\/calor.ee\/wp-content\/uploads\/2025\/05\/esto-3-300x157.webp 300w, https:\/\/calor.ee\/wp-content\/uploads\/2025\/05\/esto-3-768x402.webp 768w, https:\/\/calor.ee\/wp-content\/uploads\/2025\/05\/esto-3-140x73.webp 140w\" sizes=\"auto, (max-width: 1000px) 100vw, 1000px\" \/>\t\t\t\t\t\t\n\t\t\t\t\t<\/div>\n\t\t\t\t\t\t<\/a>\t\t\n<style>\n#image_1802489565 {\n  width: 100%;\n}\n<\/style>\n\t<\/div>\n\t\n\t<div id=\"text-1346848587\" class=\"text esto-text\">\n\t\t\n<p><strong>ESTO 3<\/strong> makseviis on innovatiivne lahendus, mis v\u00f5imaldab ostu kinnitada ja tasuda mugavalt ning kiirelt \u2013 kolmes v\u00f5rdses osas, ilma lisatasudeta!<\/p>\n<p>Vali e-poe kassas oma ostude eest tasumiseks \u00fclimalt populaarne ESTO 3-osaline makseviis!<\/p>\n<p>ESTO 3 aitab jagada ostusumma kuni 3-ks v\u00f5rdseks osaks.<\/p>\n<ul>\n<li>\u00dchtegi lisatasu ei lisandu.<\/li>\n<li>Lihtsalt kolm v\u00f5rdses osas makset, kolme kuu jooksul.<\/li>\n<li>Esimene makse on alles j\u00e4rgmise kuu 15. kuup\u00e4eval.<\/li>\n<\/ul>\n<p>ESTO 3 makseviisi pakub ja haldab ESTO AS.<br \/>\n\t\t\t<\/div>\n\t\n\t\t<\/div>\n\t\t\t\t\n<style>\n#col-1455200985 > .col-inner {\n  border-radius: 10px;\n}\n<\/style>\n\t<\/div>\n\n\t\n\n\t<div id=\"col-1847737266\" class=\"col medium-6 small-12 large-6\"  >\n\t\t\t\t<div class=\"col-inner\" style=\"background-color:rgb(255, 255, 255);\" >\n\t\t\t\n\t\t\t\n\t<div class=\"img has-hover esto-image x md-x lg-x y md-y lg-y\" id=\"image_179307287\">\n\t\t<a class=\"image-lightbox lightbox-gallery\" title=\"\" href=\"https:\/\/calor.ee\/wp-content\/uploads\/2025\/05\/esto-maksa-hiljem.webp\">\t\t\t\t\t\t<div class=\"img-inner dark\" >\n\t\t\t<img loading=\"lazy\" decoding=\"async\" width=\"1000\" height=\"642\" src=\"https:\/\/calor.ee\/wp-content\/uploads\/2025\/05\/esto-maksa-hiljem.webp\" class=\"attachment-original size-original\" alt=\"\" srcset=\"https:\/\/calor.ee\/wp-content\/uploads\/2025\/05\/esto-maksa-hiljem.webp 1000w, https:\/\/calor.ee\/wp-content\/uploads\/2025\/05\/esto-maksa-hiljem-300x193.webp 300w, https:\/\/calor.ee\/wp-content\/uploads\/2025\/05\/esto-maksa-hiljem-768x493.webp 768w, https:\/\/calor.ee\/wp-content\/uploads\/2025\/05\/esto-maksa-hiljem-140x90.webp 140w\" sizes=\"auto, (max-width: 1000px) 100vw, 1000px\" \/>\t\t\t\t\t\t\n\t\t\t\t\t<\/div>\n\t\t\t\t\t\t<\/a>\t\t\n<style>\n#image_179307287 {\n  width: 100%;\n}\n<\/style>\n\t<\/div>\n\t\n\t<div id=\"text-3042098962\" class=\"text esto-text\">\n\t\t\n<p>Vali oma ostude eest tasumiseks <strong>ESTO maksa hiljem<\/strong>. Kinnita ost vaid paari klikiga, saa tellimus k\u00e4tte ning maksa tagasi ilma \u00fchegi lisakuluta 30 p\u00e4eva jooksul!<\/p>\n<p>Ole nutikas ja vali ostude eest tasumiseks ESTO maksa hiljem!<\/p>\n<ul>\n<li>Maksa hiljem on nutikate inimeste makseviis \u2013 saa kaup kohe k\u00e4tte ning maksa tagasi paindliku tagasimaksegraafiku alusel.<\/li>\n<li>Soeta paari klikiga just seda, mida vajad \u2013 puudub intress, lisatasu ja sissemakse!<\/li>\n<\/ul>\n\t\t\t<\/div>\n\t\n\t\t<\/div>\n\t\t\t\t\n<style>\n#col-1847737266 > .col-inner {\n  border-radius: 10px;\n}\n<\/style>\n\t<\/div>\n\n\t\n<\/div>\n<div class=\"row\"  id=\"row-1906855489\">\n\n\t<div id=\"col-175696124\" class=\"col small-12 large-12\"  >\n\t\t\t\t<div class=\"col-inner\"  >\n\t\t\t\n\t\t\t\n<h2>Inbank l\u012bzings<\/h2>\n\t\t<\/div>\n\t\t\t\t\t<\/div>\n\n\t\n<\/div>\n<div class=\"row align-equal\"  id=\"row-143094697\">\n\n\t<div id=\"col-750600320\" class=\"col medium-6 small-12 large-6\"  >\n\t\t\t\t<div class=\"col-inner\" style=\"background-color:rgb(255, 255, 255);\" >\n\t\t\t\n\t\t\t\n\t<div class=\"img has-hover esto-image x md-x lg-x y md-y lg-y\" id=\"image_1177793120\">\n\t\t<a class=\"image-lightbox lightbox-gallery\" title=\"\" href=\"https:\/\/calor.ee\/wp-content\/uploads\/2025\/05\/inbank-jarelmaks.webp\">\t\t\t\t\t\t<div class=\"img-inner dark\" style=\"margin:0px 0px 0px 0px;\">\n\t\t\t<img loading=\"lazy\" decoding=\"async\" width=\"1074\" height=\"545\" src=\"https:\/\/calor.ee\/wp-content\/uploads\/2025\/05\/inbank-jarelmaks.webp\" class=\"attachment-original size-original\" alt=\"\" srcset=\"https:\/\/calor.ee\/wp-content\/uploads\/2025\/05\/inbank-jarelmaks.webp 1074w, https:\/\/calor.ee\/wp-content\/uploads\/2025\/05\/inbank-jarelmaks-300x152.webp 300w, https:\/\/calor.ee\/wp-content\/uploads\/2025\/05\/inbank-jarelmaks-1024x520.webp 1024w, https:\/\/calor.ee\/wp-content\/uploads\/2025\/05\/inbank-jarelmaks-768x390.webp 768w, https:\/\/calor.ee\/wp-content\/uploads\/2025\/05\/inbank-jarelmaks-140x71.webp 140w, https:\/\/calor.ee\/wp-content\/uploads\/2025\/05\/inbank-jarelmaks-1000x507.webp 1000w\" sizes=\"auto, (max-width: 1074px) 100vw, 1074px\" \/>\t\t\t\t\t\t\n\t\t\t\t\t<\/div>\n\t\t\t\t\t\t<\/a>\t\t\n<style>\n#image_1177793120 {\n  width: 100%;\n}\n<\/style>\n\t<\/div>\n\t\n\t<div id=\"text-742229088\" class=\"text esto-text\">\n\t\t\n<h3><strong>Miks valida Inbanki j\u00e4relmaks?<\/strong><\/h3>\n<p><strong>Inbanki j\u00e4relmaksuga<\/strong> saad ostu eest tasuda paindlikult ja osade kaupa just seal, kui seda k\u00f5ige enam vajad, olgu see siis kaupluses v\u00f5i veebipoes.<\/p>\n<p><img loading=\"lazy\" decoding=\"async\" class=\"aligncenter size-full wp-image-16041\" src=\"https:\/\/calor.ee\/wp-content\/uploads\/2025\/05\/miks-valida-inbank.webp\" alt=\"\" width=\"665\" height=\"197\" srcset=\"https:\/\/calor.ee\/wp-content\/uploads\/2025\/05\/miks-valida-inbank.webp 665w, https:\/\/calor.ee\/wp-content\/uploads\/2025\/05\/miks-valida-inbank-300x89.webp 300w, https:\/\/calor.ee\/wp-content\/uploads\/2025\/05\/miks-valida-inbank-140x41.webp 140w\" sizes=\"auto, (max-width: 665px) 100vw, 665px\" \/><\/p>\n<h3><strong>J\u00e4relmaksu taotlemine on lihtne<\/strong><\/h3>\n<p><img loading=\"lazy\" decoding=\"async\" class=\"aligncenter size-full wp-image-16035\" src=\"https:\/\/calor.ee\/wp-content\/uploads\/2025\/05\/inbank-jarelmaksu-taotlemine-on-lihtne-est.webp\" alt=\"\" width=\"1200\" height=\"529\" srcset=\"https:\/\/calor.ee\/wp-content\/uploads\/2025\/05\/inbank-jarelmaksu-taotlemine-on-lihtne-est.webp 1200w, https:\/\/calor.ee\/wp-content\/uploads\/2025\/05\/inbank-jarelmaksu-taotlemine-on-lihtne-est-300x132.webp 300w, https:\/\/calor.ee\/wp-content\/uploads\/2025\/05\/inbank-jarelmaksu-taotlemine-on-lihtne-est-1024x451.webp 1024w, https:\/\/calor.ee\/wp-content\/uploads\/2025\/05\/inbank-jarelmaksu-taotlemine-on-lihtne-est-768x339.webp 768w, https:\/\/calor.ee\/wp-content\/uploads\/2025\/05\/inbank-jarelmaksu-taotlemine-on-lihtne-est-140x62.webp 140w, https:\/\/calor.ee\/wp-content\/uploads\/2025\/05\/inbank-jarelmaksu-taotlemine-on-lihtne-est-1000x441.webp 1000w\" sizes=\"auto, (max-width: 1200px) 100vw, 1200px\" \/><\/p>\n<p><strong>Inbanki j\u00e4relmaksu tingimused:<\/strong><\/p>\n<ul>\n<li>Summa 100 \u2013 10 000 \u20ac<\/li>\n<li>Periood 3 \u2013 60 kuud<\/li>\n<li>Sissemakse 0 \u20ac<\/li>\n<li>Lepingutasu 10 \u20ac<\/li>\n<li>Intress 9,9% ostusummalt<\/li>\n<li>Haldustasu 0 \u20ac<\/li>\n<\/ul>\n<p><span style=\"font-size: 90%;\"><strong>T\u00c4HELEPANU! T<\/strong>egemist on finantsteenusega. Enne lepingu s\u00f5lmimist soovitame sul tutvuda finantsteenuse tingimustega, konsulteerida spetsialistiga ning tutvuda krediidi kulukuse m\u00e4\u00e4ra n\u00e4idistega. Pakutava j\u00e4relmaksu krediidi kulukuse m\u00e4\u00e4r on 21,43% aastas j\u00e4rgmistel n\u00e4idistingimustel: j\u00e4relmaksu summa 500 \u20ac, lepinguperiood kuudes 24, intressim\u00e4\u00e4r 9,9% ostusummalt, lepingutasu 10 \u20ac, sissemakse 0%, haldustasu 0 \u20ac, igakuine osamakse 23,59 \u20ac, krediidi kogukulu 611,54 \u20ac. Teenuse pakkujaks on AS Inbank Finance.<\/span><\/p>\n\t\t\t<\/div>\n\t\n\t\t<\/div>\n\t\t\t\t\n<style>\n#col-750600320 > .col-inner {\n  padding: 0px 0px 0px 0px;\n  border-radius: 10px;\n}\n<\/style>\n\t<\/div>\n\n\t\n<\/div>\n","protected":false},"excerpt":{"rendered":"","protected":false},"author":1,"featured_media":0,"parent":0,"menu_order":0,"comment_status":"closed","ping_status":"closed","template":"","meta":{"_acf_changed":false,"footnotes":""},"class_list":["post-17502","page","type-page","status-publish","hentry"],"acf":[],"_links":{"self":[{"href":"https:\/\/calor.ee\/lv\/wp-json\/wp\/v2\/pages\/17502","targetHints":{"allow":["GET"]}}],"collection":[{"href":"https:\/\/calor.ee\/lv\/wp-json\/wp\/v2\/pages"}],"about":[{"href":"https:\/\/calor.ee\/lv\/wp-json\/wp\/v2\/types\/page"}],"author":[{"embeddable":true,"href":"https:\/\/calor.ee\/lv\/wp-json\/wp\/v2\/users\/1"}],"replies":[{"embeddable":true,"href":"https:\/\/calor.ee\/lv\/wp-json\/wp\/v2\/comments?post=17502"}],"version-history":[{"count":2,"href":"https:\/\/calor.ee\/lv\/wp-json\/wp\/v2\/pages\/17502\/revisions"}],"predecessor-version":[{"id":17505,"href":"https:\/\/calor.ee\/lv\/wp-json\/wp\/v2\/pages\/17502\/revisions\/17505"}],"wp:attachment":[{"href":"https:\/\/calor.ee\/lv\/wp-json\/wp\/v2\/media?parent=17502"}],"curies":[{"name":"wp","href":"https:\/\/api.w.org\/{rel}","templated":true}]}}