{"id":17356,"date":"2020-10-09T13:30:22","date_gmt":"2020-10-09T11:30:22","guid":{"rendered":"https:\/\/calor.ee\/muugitingimused\/"},"modified":"2025-10-13T14:36:13","modified_gmt":"2025-10-13T12:36:13","slug":"pardosanas-noteikumi","status":"publish","type":"page","link":"https:\/\/calor.ee\/lv\/pardosanas-noteikumi\/","title":{"rendered":"P\u0101rdo\u0161anas noteikumi"},"content":{"rendered":"<h1>P\u0101rdo\u0161anas noteikumi<\/h1>\n<p>Interneta veikala\u00a0<a href=\"https:\/\/calor.ee\/lv\/\">Calor<\/a> (turpm\u0101k tekst\u0101 \u201cInterneta veikals\u201d) \u012bpa\u0161nieks ir Calor Nordic O\u00dc (re\u0123istr\u0101cijas kods 16098107), adrese Puiestee 2, Tartu 50303, Igaunija.<\/p>\n<h3><strong>P\u0101rdo\u0161anas l\u012bguma sp\u0113k\u0101 esam\u012bba, inform\u0101cija par prec\u0113m un cen\u0101m<\/strong><\/h3>\n<p>P\u0101rdo\u0161anas nosac\u012bjumi ir sp\u0113k\u0101, ieg\u0101d\u0101joties preces Interneta veikal\u0101.<\/p>\n<p>Interneta veikal\u0101 p\u0101rdodamo produktu cenas ir nor\u0101d\u012btas blakus produktiem. Cenai tiek pieskait\u012bta maksa par preces pieg\u0101di, kas ir atkar\u012bga no ieg\u0101d\u0101t\u0101s preces, pirc\u0113ja atra\u0161an\u0101s vietas un pieg\u0101des veida. Pieg\u0101des maksa pirc\u0113jam tiek uzr\u0101d\u012bta, noform\u0113jot pas\u016bt\u012bjumu.<\/p>\n<p>Inform\u0101cija par Interneta veikal\u0101 tirgoto preci ir nor\u0101d\u012bta blakus attiec\u012bgajai precei.<\/p>\n<h3><strong>Pas\u016bt\u012bjuma noform\u0113\u0161ana<\/strong><\/h3>\n<p>Lai veiktu pas\u016bt\u012bjumu, izv\u0113l\u0113t\u0101s preces ir j\u0101pievieno pirkumu grozam. Pas\u016bt\u012bjuma noform\u0113\u0161anai ir j\u0101aizpilda oblig\u0101tie lauki un j\u0101izv\u0113las piem\u0113rotais pre\u010du pieg\u0101des veids. P\u0113c t\u0101 uz ekr\u0101na tiks uzr\u0101d\u012bta pirkuma summa, ko var apmaks\u0101t ar bankas saites vai cita maks\u0101juma risin\u0101juma pal\u012bdz\u012bbu. Visi maks\u0101jumi tiek veikti <em>euro<\/em> val\u016bt\u0101.<\/p>\n<p><strong>Igaunij\u0101 <\/strong> var nor\u0113\u0137in\u0101ties ar \u0161\u0101du banku sai\u0161u un maks\u0101jumu risin\u0101jumu starpniec\u012bbu: SEB, Swedbank, LHV, Coop, Luminor, Citadele, Revolut, N26, kred\u012btkarte vai debetkarte (MasterCard, Maestro, Visa, American Express), ESTO l\u012bzings, Inbank l\u012bzings, p\u0101rskait\u012bjums, skaidr\u0101 naud\u0101 vai ar bankas karti uz vietas.<\/p>\n<p><strong>Latvij\u0101<\/strong> var nor\u0113\u0137in\u0101ties ar \u0161\u0101du banku sai\u0161u un maks\u0101jumu risin\u0101jumu starpniec\u012bbu: SEB, Swedbank, Luminor, Citadele, Revolut, N26, kred\u012btkarte vai debetkarte (MasterCard, Maestro, Visa, American Express), ESTO l\u012bzings, p\u0101rskait\u012bjums.<\/p>\n<p>L\u012bgums st\u0101jas sp\u0113k\u0101, kad maks\u0101jam\u0101 summa ir sa\u0146emta Interneta veikala nor\u0113\u0137inu kont\u0101.<\/p>\n<p>Ja pas\u016bt\u012bto preci nav iesp\u0113jams pieg\u0101d\u0101t sakar\u0101 ar pre\u010du izbeig\u0161anos vai cita iemesla d\u0113\u013c, tad Pirc\u0113js tiek inform\u0113ts par to pie pirm\u0101s iesp\u0113jas, un samaks\u0101t\u0101 nauda tiek atgriezta (t.sk. preces pieg\u0101des izmaksas) nekav\u0113joties, bet ne v\u0113l\u0101k k\u0101 14 dienu laik\u0101 p\u0113c pazi\u0146ojuma nos\u016bt\u012b\u0161anas.<\/p>\n<h3><strong>Pieg\u0101de<\/strong><\/h3>\n<p>Preces pieg\u0101des tiek veiktas uz \u0161\u0101d\u0101m valst\u012bm: Igaunija, Latvija.<\/p>\n<p>Pieg\u0101des laiks ir nor\u0101d\u012bts pie katra produkta un ir atkar\u012bgs no t\u0101, vai prece ir noliktav\u0101 vai pas\u016bt\u0101ma. Noliktav\u0101 eso\u0161\u0101s preces parasti tiek pieg\u0101d\u0101tas pirc\u0113ja nor\u0101d\u012btaj\u0101 adres\u0113 2\u20133 darba dienu laik\u0101 no pirkuma l\u012bguma sp\u0113k\u0101 st\u0101\u0161an\u0101s dienas, izmantojot pakom\u0101tu vai kurjeru. Pas\u016bt\u0101m\u0101s un r\u016bpn\u012bc\u0101 ra\u017eot\u0101s preces parasti tiek pieg\u0101d\u0101tas pirc\u0113ja nor\u0101d\u012btaj\u0101 adres\u0113 produkta aprakst\u0101 nor\u0101d\u012btaj\u0101 termi\u0146\u0101 p\u0113c l\u012bguma nosl\u0113g\u0161anas, izmantojot kurjeru. Preces, kas tiek pieg\u0101d\u0101tas ar kurjeru, tiek nog\u0101d\u0101tas l\u012bdz galvenaj\u0101m durv\u012bm \u2014 priv\u0101tm\u0101jai l\u012bdz m\u0101jas ieejai, daudzdz\u012bvok\u013cu \u0113k\u0101 l\u012bdz k\u0101p\u0146u telpas \u0101rdurv\u012bm.<\/p>\n<h3><strong>Atgrie\u0161ana<\/strong><\/h3>\n<p>P\u0113c pas\u016bt\u012bjuma sa\u0146em\u0161anas pirc\u0113jam ir ties\u012bbas atk\u0101pties no Interneta veikal\u0101 nosl\u0113gt\u0101 l\u012bguma 14 kalend\u0101ro dienu laik\u0101 no pakas fiziskas sa\u0146em\u0161anas.<\/p>\n<p>Preces atgrie\u0161anas ties\u012bbas netiek piem\u0113rotas, ja, ja pirc\u0113js ir juridiska persona vai prece ir r\u016bpn\u012bc\u0101 izgatavota un komplekt\u0113ta p\u0113c individu\u0101la pas\u016bt\u012bjuma. Individu\u0101l\u0101 pas\u016bt\u012bjuma prec\u0113m <strong>interneta veikal\u0101<\/strong> ietilpst <strong>Unico un Robiren kam\u012bnu kurtuves<\/strong>, <strong>Brula kr\u0101\u0161\u0146u kurtuves<\/strong> (tostarp d\u016bmkan\u0101lu komplekti) un <strong>Skamet pirts kr\u0101snis<\/strong>, kas tiek ra\u017eotas un komplekt\u0113tas r\u016bpn\u012bc\u0101 saska\u0146\u0101 ar pirc\u0113ja v\u0113lm\u0113m un pras\u012bb\u0101m.<\/p>\n<p>14 dienu atgrie\u0161anas ties\u012bbas ir sp\u0113k\u0101 tikai pie noteikuma, ka prece nav izmantota cit\u0101di, nek\u0101 tas ir nepiecie\u0161ams, lai p\u0101rliecin\u0101tos par preces saturu, \u012bpa\u0161\u012bb\u0101m un darb\u012bbu veid\u0101, k\u0101d\u0101 tas ir at\u013cauts, iepaz\u012bstoties ar preci fizisk\u0101 veikal\u0101.<\/p>\n<p>Ja prece ir izmantota cit\u0101di, nek\u0101 ir nepiecie\u0161ams, lai p\u0101rliecin\u0101tos par preces saturu, \u012bpa\u0161\u012bb\u0101m un darb\u012bbu, vai ja tai ir lieto\u0161anas vai nodiluma paz\u012bmes, Interneta veikalam ir ties\u012bbas samazin\u0101t atgrie\u017eamo summu atbilsto\u0161i tam, k\u0101 ir samazin\u0101jusies preces v\u0113rt\u012bba.<\/p>\n<p>Lai atgrieztu preci, ir j\u0101iesniedz atgrie\u0161anas pieteikums, kura veidlapu var atrast <a href=\"https:\/\/calor.ee\/wp-content\/uploads\/2020\/12\/calor-taganemise-avaldus.pdf\" target=\"_blank\" rel=\"noopener noreferrer\">\u0161eit<\/a>, un j\u0101nos\u016bta uz e-pasta adresi <a href=\"&#109;&#x61;&#105;&#x6c;&#116;&#x6f;:&#x63;a&#108;&#x6f;&#114;&#x40;&#99;&#x61;l&#x6f;r&#46;&#x65;&#101;\">calor&#64;&#99;&#97;&#108;&#111;&#114;&#46;&#101;&#x65;<br \/>\n<\/a> ne v\u0113l\u0101k k\u0101 14 dienu laik\u0101 p\u0113c preces sa\u0146em\u0161anas.<\/p>\n<p>Izdevumus par preces atgrie\u0161anu sedz pirc\u0113js, iz\u0146emot gad\u012bjumos, ja prece tiek atgriezta sakar\u0101 ar to, ka produkts neatbilst pas\u016bt\u012btajam (piem., nepareiza prece vai prece ar defektu).<\/p>\n<p>Pirc\u0113jam prece ir j\u0101atgrie\u017e 14 dienu laik\u0101 p\u0113c atgrie\u0161anas pieteikuma iesnieg\u0161anas vai ar\u012b j\u0101iesniedz pier\u0101d\u012bjums, ka vi\u0146\u0161 iepriek\u0161 min\u0113taj\u0101 period\u0101 ir nodevis preci t\u0101s p\u0101rvad\u0101t\u0101jam.<\/p>\n<p>P\u0113c atgriezt\u0101s preces sa\u0146em\u0161anas Interneta veikals nekav\u0113joties, ta\u010du ne v\u0113l\u0101k k\u0101 14 dienu laik\u0101 p\u0113c atgrie\u0161anas pieteikuma sa\u0146em\u0161anas, atgrie\u017e pirc\u0113jam visus uz l\u012bguma pamata no pirc\u0113ja sa\u0146emtos maks\u0101jumus (pre\u010du izmaksas un s\u0101kotn\u0113j\u0101s pieg\u0101des izmaksas).<\/p>\n<p>Interneta veikals var atteikties veikt naudas atmaksu, l\u012bdz tas ir sa\u0146\u0113mis preci, kas ir l\u012bguma priek\u0161mets, vai l\u012bdz pirc\u0113js ir iesniedzis pier\u0101d\u012bjumu, ka prece ir nos\u016bt\u012bta atpaka\u013c, atkar\u012bba no t\u0101, kurs no \u0161iem notikumiem iest\u0101jas agr\u0101k.<\/p>\n<p>Interneta veikalam ir ties\u012bbas atk\u0101pties no dar\u012bjuma un piepras\u012bt, lai pirc\u0113js atgrie\u017e preci, ja Interneta veikal\u0101 k\u013c\u016bdas d\u0113\u013c ir nor\u0101d\u012bta cena, kas ir b\u016btiski zem\u0101ka par preces tirgus cenu<\/p>\n<h3><strong>Ties\u012bbas iesniegt pretenziju<\/strong><\/h3>\n<p>Interneta veikals ir atbild\u012bgs par pirc\u0113jam p\u0101rdot\u0101s preces neatbilst\u012bbu l\u012bguma nosac\u012bjumiem vai par t\u0101s tr\u016bkumiem, kas past\u0101v\u0113ja jau preces nodo\u0161anas br\u012bd\u012b un kas par\u0101d\u0101s l\u012bdz divu gadu laik\u0101 no preces pieg\u0101des pirc\u0113jam. Pirmo 12 m\u0113ne\u0161u laik\u0101 no preces nodo\u0161anas pirc\u0113jam tiek pie\u0146emts, ka tr\u016bkums past\u0101v\u0113ja jau preces pieg\u0101des laik\u0101. Atbilsto\u0161\u0101 pie\u0146\u0113muma atsp\u0113ko\u0161ana ir Interneta veikala pien\u0101kums.<\/p>\n<p>Konstat\u0113jot tr\u016bkumu, pirc\u0113jam ir ties\u012bbas v\u0113l\u0101kais divu m\u0113ne\u0161u laik\u0101 v\u0113rsties Interneta veikal\u0101, nos\u016btot e-pasta v\u0113stuli uz adresi <a href=\"&#x6d;&#x61;&#x69;&#x6c;&#x74;&#x6f;&#x3a;&#x63;&#97;&#108;&#111;&#114;&#64;&#99;&#97;lor&#46;&#x65;&#x65;\">&#99;&#x61;&#x6c;o&#114;&#x40;c&#97;&#x6c;&#x6f;&#114;&#x2e;&#x65;e<\/a>.<\/p>\n<p>Interneta veikals neatbild par tr\u016bkumiem, kas radu\u0161ies p\u0113c preces nodo\u0161anas pirc\u0113jam.<\/p>\n<p>Ja Interneta veikal\u0101 ieg\u0101d\u0101tajai precei ir tr\u016bkumi, par kuriem ir atbild\u012bgs Interneta veikals, tad Interneta veikals remont\u0113 vai aizvieto \u0161\u0101du preci. Ja preci nav iesp\u0113jams ne labot, ne aizvietot, Interneta veikals atgrie\u017e pirc\u0113jam visus maks\u0101jumus, ko pirc\u0113js veicis uz \u0161\u012b p\u0101rdo\u0161anas l\u012bguma pamata.<\/p>\n<p>Interneta veikals atbild uz pat\u0113r\u0113t\u0101ja iesniegto s\u016bdz\u012bbu rakstiski 15 dienu laik\u0101.<\/p>\n<h3><strong>Tie\u0161ais m\u0101rketings un personas datu apstr\u0101de<\/strong><\/h3>\n<p>Interneta veikals izmanto pirc\u0113ja ievad\u012btos personas datus (tostarp v\u0101rdu, t\u0101lru\u0146a numuru, adresi un e-pasta adresi) tikai pas\u016bt\u012bjuma apstr\u0101dei un preces pieg\u0101dei pirc\u0113jam. Interneta veikals nodod personas datus pieg\u0101des pakalpojuma sniedz\u0113jiem tikai pre\u010du pieg\u0101des nodro\u0161in\u0101\u0161anai.<\/p>\n<p>Interneta veikals nos\u016bta pirc\u0113jam jaunumus un \u012bpa\u0161os pied\u0101v\u0101jumus uz e-pasta adresi tikai tad, ja pirc\u0113js tam ir devis piekri\u0161anu, ievadot savu e-pasta adresi vietn\u0113 un atz\u012bm\u0113jot v\u0113lmi sa\u0146emt tie\u0161\u0101 m\u0101rketinga pazi\u0146ojumus.<\/p>\n<p>Pirc\u0113jam jebkur\u0101 laik\u0101 ir ties\u012bbas atteikties no jaunumus un pied\u0101v\u0101jumus saturo\u0161u e-pasta v\u0113stu\u013cu sa\u0146em\u0161anas, pazi\u0146ojot par to interneta veikalam pa e-pastu vai sekojot nor\u0101d\u012bjumiem, kas iek\u013cauti \u0161\u0101d\u0101 e-past\u0101.<\/p>\n<h3><strong>Str\u012bdu risin\u0101\u0161ana<\/strong><\/h3>\n<p>Ja pirc\u0113jam ir pretenzijas saist\u012bb\u0101 ar Interneta veikalu, t\u0101s j\u0101nos\u016bta uz e-pasta adresi <a href=\"&#109;a&#x69;l&#x74;o&#x3a;c&#x61;&#108;&#x6f;&#114;&#x40;&#99;&#x61;&#108;o&#114;&#46;&#x65;e\">&#x63;&#x61;&#x6c;&#111;&#114;&#64;c&#x61;&#x6c;&#x6f;&#x72;&#46;&#101;e<\/a>.<\/p>\n<p>Ja pirc\u0113js un Interneta veikals nesp\u0113j atrisin\u0101t str\u012bdu vieno\u0161an\u0101s ce\u013c\u0101, tad pirc\u0113js var v\u0113rsties Pat\u0113r\u0113t\u0101ju str\u012bdu risin\u0101\u0161anas\u00a0<a href=\"https:\/\/komisjon.ee\/\" target=\"_blank\" rel=\"noopener noreferrer\">komisij\u0101<\/a>. Pat\u0113r\u0113t\u0101ju atr\u012bdu risin\u0101\u0161anas komisijas kompetenc\u0113 ir risin\u0101t visus str\u012bdus, kas izriet no l\u012bguma, kas ir nosl\u0113gts starp pirc\u0113ju un Interneta veikalu. Komisija izskata pirc\u0113ja s\u016bdz\u012bbu bez maksas.<\/p>\n<p>Pirc\u0113jam ir ties\u012bbas izmantot Eiropas Savien\u012bbas\u00a0<a href=\"http:\/\/ec.europa.eu\/consumers\/odr\/main\/index.cfm?event=main.home2.show&amp;lng=ET\" target=\"_blank\" rel=\"noopener noreferrer\">platformu pat\u0113r\u0113t\u0101ju<\/a> str\u012bdu iz\u0161\u0137ir\u0161anai tie\u0161saist\u0113.<\/p>\n","protected":false},"excerpt":{"rendered":"<p>P\u0101rdo\u0161anas noteikumi Interneta veikala\u00a0Calor (turpm\u0101k tekst\u0101 \u201cInterneta veikals\u201d) \u012bpa\u0161nieks ir Calor Nordic O\u00dc (re\u0123istr\u0101cijas kods 16098107), adrese Puiestee 2, Tartu&#8230;<\/p>\n","protected":false},"author":1,"featured_media":0,"parent":0,"menu_order":0,"comment_status":"closed","ping_status":"closed","template":"","meta":{"_acf_changed":false,"footnotes":""},"class_list":["post-17356","page","type-page","status-publish","hentry"],"acf":[],"_links":{"self":[{"href":"https:\/\/calor.ee\/lv\/wp-json\/wp\/v2\/pages\/17356","targetHints":{"allow":["GET"]}}],"collection":[{"href":"https:\/\/calor.ee\/lv\/wp-json\/wp\/v2\/pages"}],"about":[{"href":"https:\/\/calor.ee\/lv\/wp-json\/wp\/v2\/types\/page"}],"author":[{"embeddable":true,"href":"https:\/\/calor.ee\/lv\/wp-json\/wp\/v2\/users\/1"}],"replies":[{"embeddable":true,"href":"https:\/\/calor.ee\/lv\/wp-json\/wp\/v2\/comments?post=17356"}],"version-history":[{"count":9,"href":"https:\/\/calor.ee\/lv\/wp-json\/wp\/v2\/pages\/17356\/revisions"}],"predecessor-version":[{"id":17496,"href":"https:\/\/calor.ee\/lv\/wp-json\/wp\/v2\/pages\/17356\/revisions\/17496"}],"wp:attachment":[{"href":"https:\/\/calor.ee\/lv\/wp-json\/wp\/v2\/media?parent=17356"}],"curies":[{"name":"wp","href":"https:\/\/api.w.org\/{rel}","templated":true}]}}